{"id":12,"date":"2023-05-05T10:51:03","date_gmt":"2023-05-05T07:51:03","guid":{"rendered":"http:\/\/185.80.129.116\/vezu-i-anglija.lt\/?page_id=12"},"modified":"2025-01-30T14:24:03","modified_gmt":"2025-01-30T12:24:03","slug":"kontaktai","status":"publish","type":"page","link":"https:\/\/www.siuntos-i-anglija.lt\/et\/kontaktid\/","title":{"rendered":"kontaktid"},"content":{"rendered":"<p class=\"justify_text\">Reisijate, pakkide, veoste (mootorrattad, autod, m\u00f6\u00f6bel jne) vedu v\u00e4ikebusside ja bussidega \u00fcle Leedu Inglismaale, \u0160otimaale, Iirimaale, Poola, Saksamaale, Hollandisse, Belgiasse, Prantsusmaale, Taani, Rootsi, Norrasse. Luksemburg, Hispaania, \u0160veits, Austria, T\u0161ehhi.<\/p>\n\n\n\n<figure class=\"wp-block-image size-full\"><img decoding=\"async\" src=\"https:\/\/www.siuntos-i-anglija.lt\/wp-content\/uploads\/2023\/05\/mikroautobusas.png\" alt=\"\" class=\"wp-image-7\"\/><\/figure>\n\n\n\n<h2 class=\"wp-block-heading\" id=\"h-skambink-mums-kasdien-nuo-8-00-iki-22-00-val-bet-kuriuo-klausimu\"><strong>K\u00f5igi k\u00fcsimuste korral helistage meile iga p\u00e4ev 8.00-22.00<\/strong><\/h2>\n\n\n\n<ul class=\"wp-block-list\">\n<li><img decoding=\"async\" class=\"wp-image-238\" style=\"width: 28px;\" src=\"https:\/\/www.siuntos-i-anglija.lt\/wp-content\/uploads\/2023\/05\/lt.png\" alt=\"\"> <a href=\"tel: 37060604341\"><strong>Leedu<\/strong> <nobr>+370 606 04341<\/nobr><\/a><\/li>\n\n\n\n<li><img decoding=\"async\" class=\"wp-image-178\" style=\"width: 28px;\" src=\"https:\/\/www.siuntos-i-anglija.lt\/wp-content\/uploads\/2023\/05\/gb.png\" alt=\"\"> <a data-type=\"tel\" data-id=\"tel:\" href=\"tel: 445601564237\"><strong>Inglismaa (\u00dchendkuningriik)<\/strong> <nobr>+4456 0156 4237<\/nobr><\/a><\/li>\n\n\n\n<li><img decoding=\"async\" class=\"wp-image-207\" style=\"width: 28px;\" src=\"https:\/\/www.siuntos-i-anglija.lt\/wp-content\/uploads\/2023\/05\/ie.png\" alt=\"\"> <a data-type=\"tel\" data-id=\"tel:\" href=\"tel: 35315137154\"><strong>Iirimaa<\/strong> <nobr>+353 1513 7154<\/nobr><\/a><\/li>\n\n\n\n<li><img decoding=\"async\" class=\"wp-image-158\" style=\"width: 28px;\" src=\"https:\/\/www.siuntos-i-anglija.lt\/wp-content\/uploads\/2023\/05\/de.png\" alt=\"\"> <a data-type=\"tel\" data-id=\"tel:\" href=\"tel: 4915753403381\"><strong>Saksamaa<\/strong> <nobr>+4915 7534 033 81<\/nobr><\/a><\/li>\n\n\n\n<li><img decoding=\"async\" class=\"wp-image-271\" style=\"width: 28px;\" src=\"https:\/\/www.siuntos-i-anglija.lt\/wp-content\/uploads\/2023\/05\/nl.png\" alt=\"\"> <a data-type=\"tel\" data-id=\"tel:\" href=\"tel: 31208903989\"><strong>Holland (Holland)<\/strong> <nobr>+3120 8903 989<\/nobr><\/a><\/li>\n\n\n\n<li><img decoding=\"async\" class=\"wp-image-121\" style=\"width: 28px;\" src=\"https:\/\/www.siuntos-i-anglija.lt\/wp-content\/uploads\/2023\/05\/be.png\" alt=\"\"> <a data-type=\"tel\" data-id=\"tel:\" href=\"tel: 3228085604\"><strong>Belgia<\/strong> <nobr>+322 2808 5604<\/nobr><\/a><\/li>\n\n\n\n<li><img decoding=\"async\" class=\"wp-image-160\" style=\"width: 28px;\" src=\"https:\/\/www.siuntos-i-anglija.lt\/wp-content\/uploads\/2023\/05\/dk.png\" alt=\"\"> <a data-type=\"tel\" data-id=\"tel:\" href=\"tel: 4589880969\"><strong>Taani<\/strong> <nobr>+45 8988 0969<\/nobr><\/a><\/li>\n\n\n\n<li><img decoding=\"async\" class=\"wp-image-302\" style=\"width: 28px;\" src=\"https:\/\/www.siuntos-i-anglija.lt\/wp-content\/uploads\/2023\/05\/se.png\" alt=\"\"> <a data-type=\"tel\" data-id=\"tel:\" href=\"tel: 46852507010\"><strong>Rootsi<\/strong> <nobr>+468 5250 7010<\/nobr><\/a><\/li>\n\n\n\n<li><img decoding=\"async\" class=\"wp-image-176\" style=\"width: 28px;\" src=\"https:\/\/www.siuntos-i-anglija.lt\/wp-content\/uploads\/2023\/05\/fr.png\" alt=\"\"> <a data-type=\"tel\" data-id=\"tel:\" href=\"tel: 33182885948\"><strong>Prantsusmaa<\/strong> <nobr>+33 1828 859 48<\/nobr><\/a><\/li>\n\n\n\n<li><a href=\"https:\/\/api.whatsapp.com\/send?phone=37060604300\"><img decoding=\"async\" class=\"wp-image-360\" style=\"width: 24px;\" src=\"https:\/\/www.siuntos-i-anglija.lt\/wp-content\/uploads\/whatsapp.png\" alt=\"\"> <strong>WhatsApp<\/strong><\/a><\/li>\n\n\n\n<li><a href=\"viber:\/\/add?number=37060604300\"><img decoding=\"async\" class=\"wp-image-359\" style=\"width: 24px;\" src=\"https:\/\/www.siuntos-i-anglija.lt\/wp-content\/uploads\/viber.png\" alt=\"\"> <strong>Viber<\/strong><\/a><\/li>\n\n\n\n<li><a href=\"https:\/\/www.facebook.com\/veza.lt\"><img decoding=\"async\" class=\"wp-image-360\" style=\"width: 24px;\" src=\"https:\/\/www.siuntos-i-anglija.lt\/wp-content\/uploads\/2023\/05\/facebook.png\" alt=\"\"> <strong>Facebook<\/strong><\/a><\/li>\n<\/ul>\n\n\n<p><!-- \/wp:post-content --><\/p>\n<p><!-- wp:shortcode --><br \/>\n[ccj id=&#8221;redial_form&#8221;]<br \/>\n<!-- \/wp:shortcode --><\/p>","protected":false},"excerpt":{"rendered":"<p>Keleivi\u0173, siunt\u0173 ir krovini\u0173 perve\u017eimas mikroautobusais ir autobusais i\u0161 visos Lietuvos \u012f Anglij\u0105, \u0160kotij\u0105, Airij\u0105, Lenkij\u0105, Vokietij\u0105, Liuksemburg\u0105, Olandij\u0105, Belgij\u0105, Danij\u0105, \u0160veicarij\u0105, Austrij\u0105, \u010cekij\u0105, Ispanij\u0105, Pranc\u016bzij\u0105, \u0160vedij\u0105, Norvegij\u0105. Skambink mums kasdien nuo 8:00 iki 22:00 val. bet kuriuo klausimu [ccj&#8230; <a class=\"more-link\" href=\"https:\/\/www.siuntos-i-anglija.lt\/et\/kontaktid\/\">Continue Reading &rarr;<\/a><\/p>","protected":false},"author":1,"featured_media":0,"parent":0,"menu_order":0,"comment_status":"closed","ping_status":"closed","template":"","meta":{"footnotes":""},"class_list":["post-12","page","type-page","status-publish","hentry"],"yoast_head":"<!-- This site is optimized with the Yoast SEO Premium plugin v20.7 (Yoast SEO v20.7) - https:\/\/yoast.com\/wordpress\/plugins\/seo\/ -->\n<title>Kontaktai<\/title>\n<meta name=\"description\" content=\"Jau 21 metai Kasdien ve\u017eame \u012f Anglij\u0105 i\u0161 visos Lietuvos keleivius ir siuntinius mikroautobusais ir autobusais. Tel. 8-606-04341, +445601564237. Galime Jums perskambinti per 3 minutes.\" \/>\n<meta name=\"robots\" content=\"index, follow, max-snippet:-1, max-image-preview:large, max-video-preview:-1\" \/>\n<link rel=\"canonical\" href=\"https:\/\/www.siuntos-i-anglija.lt\/et\/kontaktid\/\" \/>\n<meta property=\"og:locale\" content=\"et_EE\" \/>\n<meta property=\"og:type\" content=\"article\" \/>\n<meta property=\"og:title\" content=\"Kontaktai\" \/>\n<meta property=\"og:description\" content=\"Jau 21 metai Kasdien ve\u017eame \u012f Anglij\u0105 i\u0161 visos Lietuvos keleivius ir siuntinius mikroautobusais ir autobusais. Tel. 8-606-04341, +445601564237. Galime Jums perskambinti per 3 minutes.\" \/>\n<meta property=\"og:url\" content=\"https:\/\/www.siuntos-i-anglija.lt\/et\/kontaktid\/\" \/>\n<meta property=\"og:site_name\" content=\"Ve\u017eame keleivius, siuntas ir krovinius\" \/>\n<meta property=\"article:publisher\" content=\"http:\/\/facebook.com\/veza.lt\" \/>\n<meta property=\"article:modified_time\" content=\"2025-01-30T12:24:03+00:00\" \/>\n<meta property=\"og:image\" content=\"https:\/\/www.siuntos-i-anglija.lt\/wp-content\/uploads\/2023\/05\/mikroautobusas.png\" \/>\n<meta name=\"twitter:card\" content=\"summary_large_image\" \/>\n<meta name=\"twitter:label1\" content=\"Est. reading time\" \/>\n\t<meta name=\"twitter:data1\" content=\"4 minutit\" \/>\n<script type=\"application\/ld+json\" class=\"yoast-schema-graph\">{\"@context\":\"https:\/\/schema.org\",\"@graph\":[{\"@type\":\"Article\",\"@id\":\"https:\/\/www.siuntos-i-anglija.lt\/kontaktai\/#article\",\"isPartOf\":{\"@id\":\"https:\/\/www.siuntos-i-anglija.lt\/kontaktai\/\"},\"author\":{\"name\":\"admin\",\"@id\":\"https:\/\/www.siuntos-i-anglija.lt\/#\/schema\/person\/ac06fa58c26c22192b0a0d74c47f456b\"},\"headline\":\"Kontaktai\",\"datePublished\":\"2023-05-05T07:51:03+00:00\",\"dateModified\":\"2025-01-30T12:24:03+00:00\",\"mainEntityOfPage\":{\"@id\":\"https:\/\/www.siuntos-i-anglija.lt\/kontaktai\/\"},\"wordCount\":57,\"publisher\":{\"@id\":\"https:\/\/www.siuntos-i-anglija.lt\/#organization\"},\"inLanguage\":\"et\"},{\"@type\":[\"WebPage\",\"ContactPage\"],\"@id\":\"https:\/\/www.siuntos-i-anglija.lt\/kontaktai\/\",\"url\":\"https:\/\/www.siuntos-i-anglija.lt\/kontaktai\/\",\"name\":\"Kontaktai\",\"isPartOf\":{\"@id\":\"https:\/\/www.siuntos-i-anglija.lt\/#website\"},\"datePublished\":\"2023-05-05T07:51:03+00:00\",\"dateModified\":\"2025-01-30T12:24:03+00:00\",\"description\":\"Jau 21 metai Kasdien ve\u017eame \u012f Anglij\u0105 i\u0161 visos Lietuvos keleivius ir siuntinius mikroautobusais ir autobusais. Tel. 8-606-04341, +445601564237. Galime Jums perskambinti per 3 minutes.\",\"breadcrumb\":{\"@id\":\"https:\/\/www.siuntos-i-anglija.lt\/kontaktai\/#breadcrumb\"},\"inLanguage\":\"et\",\"potentialAction\":[{\"@type\":\"ReadAction\",\"target\":[\"https:\/\/www.siuntos-i-anglija.lt\/kontaktai\/\"]}]},{\"@type\":\"BreadcrumbList\",\"@id\":\"https:\/\/www.siuntos-i-anglija.lt\/kontaktai\/#breadcrumb\",\"itemListElement\":[{\"@type\":\"ListItem\",\"position\":1,\"name\":\"Home\",\"item\":\"https:\/\/www.siuntos-i-anglija.lt\/\"},{\"@type\":\"ListItem\",\"position\":2,\"name\":\"Kontaktai\"}]},{\"@type\":\"WebSite\",\"@id\":\"https:\/\/www.siuntos-i-anglija.lt\/#website\",\"url\":\"https:\/\/www.siuntos-i-anglija.lt\/\",\"name\":\"Ve\u017eame keleivius, siuntas ir krovinius\",\"description\":\"jau 20 met\u0173\",\"publisher\":{\"@id\":\"https:\/\/www.siuntos-i-anglija.lt\/#organization\"},\"potentialAction\":[{\"@type\":\"SearchAction\",\"target\":{\"@type\":\"EntryPoint\",\"urlTemplate\":\"https:\/\/www.siuntos-i-anglija.lt\/?s={search_term_string}\"},\"query-input\":\"required name=search_term_string\"}],\"inLanguage\":\"et\"},{\"@type\":\"Organization\",\"@id\":\"https:\/\/www.siuntos-i-anglija.lt\/#organization\",\"name\":\"Ve\u017eame keleivius, siuntas ir krovinius\",\"url\":\"https:\/\/www.siuntos-i-anglija.lt\/\",\"logo\":{\"@type\":\"ImageObject\",\"inLanguage\":\"et\",\"@id\":\"https:\/\/www.siuntos-i-anglija.lt\/#\/schema\/logo\/image\/\",\"url\":\"https:\/\/www.siuntos-i-anglija.lt\/wp-content\/uploads\/2023\/05\/mikroautobusas.png\",\"contentUrl\":\"https:\/\/www.siuntos-i-anglija.lt\/wp-content\/uploads\/2023\/05\/mikroautobusas.png\",\"width\":600,\"height\":300,\"caption\":\"Ve\u017eame keleivius, siuntas ir krovinius\"},\"image\":{\"@id\":\"https:\/\/www.siuntos-i-anglija.lt\/#\/schema\/logo\/image\/\"},\"sameAs\":[\"http:\/\/facebook.com\/veza.lt\"]},{\"@type\":\"Person\",\"@id\":\"https:\/\/www.siuntos-i-anglija.lt\/#\/schema\/person\/ac06fa58c26c22192b0a0d74c47f456b\",\"name\":\"admin\",\"image\":{\"@type\":\"ImageObject\",\"inLanguage\":\"et\",\"@id\":\"https:\/\/www.siuntos-i-anglija.lt\/#\/schema\/person\/image\/\",\"url\":\"https:\/\/secure.gravatar.com\/avatar\/8031bcd867dff3260131a45d000f628b6176299e6fc83555a525bfd6757d6367?s=96&d=mm&r=g\",\"contentUrl\":\"https:\/\/secure.gravatar.com\/avatar\/8031bcd867dff3260131a45d000f628b6176299e6fc83555a525bfd6757d6367?s=96&d=mm&r=g\",\"caption\":\"admin\"},\"sameAs\":[\"http:\/\/185.80.129.116\/vezu-i-anglija.lt\"],\"url\":\"https:\/\/www.siuntos-i-anglija.lt\/et\/author\/admin\/\"}]}<\/script>\n<!-- \/ Yoast SEO Premium plugin. -->","yoast_head_json":{"title":"Kontaktai","description":"Jau 21 metai Kasdien ve\u017eame \u012f Anglij\u0105 i\u0161 visos Lietuvos keleivius ir siuntinius mikroautobusais ir autobusais. Tel. 8-606-04341, +445601564237. Galime Jums perskambinti per 3 minutes.","robots":{"index":"index","follow":"follow","max-snippet":"max-snippet:-1","max-image-preview":"max-image-preview:large","max-video-preview":"max-video-preview:-1"},"canonical":"https:\/\/www.siuntos-i-anglija.lt\/et\/kontaktid\/","og_locale":"et_EE","og_type":"article","og_title":"Kontaktai","og_description":"Jau 21 metai Kasdien ve\u017eame \u012f Anglij\u0105 i\u0161 visos Lietuvos keleivius ir siuntinius mikroautobusais ir autobusais. Tel. 8-606-04341, +445601564237. Galime Jums perskambinti per 3 minutes.","og_url":"https:\/\/www.siuntos-i-anglija.lt\/et\/kontaktid\/","og_site_name":"Ve\u017eame keleivius, siuntas ir krovinius","article_publisher":"http:\/\/facebook.com\/veza.lt","article_modified_time":"2025-01-30T12:24:03+00:00","og_image":[{"url":"https:\/\/www.siuntos-i-anglija.lt\/wp-content\/uploads\/2023\/05\/mikroautobusas.png"}],"twitter_card":"summary_large_image","twitter_misc":{"Est. reading time":"4 minutit"},"schema":{"@context":"https:\/\/schema.org","@graph":[{"@type":"Article","@id":"https:\/\/www.siuntos-i-anglija.lt\/kontaktai\/#article","isPartOf":{"@id":"https:\/\/www.siuntos-i-anglija.lt\/kontaktai\/"},"author":{"name":"admin","@id":"https:\/\/www.siuntos-i-anglija.lt\/#\/schema\/person\/ac06fa58c26c22192b0a0d74c47f456b"},"headline":"Kontaktai","datePublished":"2023-05-05T07:51:03+00:00","dateModified":"2025-01-30T12:24:03+00:00","mainEntityOfPage":{"@id":"https:\/\/www.siuntos-i-anglija.lt\/kontaktai\/"},"wordCount":57,"publisher":{"@id":"https:\/\/www.siuntos-i-anglija.lt\/#organization"},"inLanguage":"et"},{"@type":["WebPage","ContactPage"],"@id":"https:\/\/www.siuntos-i-anglija.lt\/kontaktai\/","url":"https:\/\/www.siuntos-i-anglija.lt\/kontaktai\/","name":"Kontaktai","isPartOf":{"@id":"https:\/\/www.siuntos-i-anglija.lt\/#website"},"datePublished":"2023-05-05T07:51:03+00:00","dateModified":"2025-01-30T12:24:03+00:00","description":"Jau 21 metai Kasdien ve\u017eame \u012f Anglij\u0105 i\u0161 visos Lietuvos keleivius ir siuntinius mikroautobusais ir autobusais. Tel. 8-606-04341, +445601564237. Galime Jums perskambinti per 3 minutes.","breadcrumb":{"@id":"https:\/\/www.siuntos-i-anglija.lt\/kontaktai\/#breadcrumb"},"inLanguage":"et","potentialAction":[{"@type":"ReadAction","target":["https:\/\/www.siuntos-i-anglija.lt\/kontaktai\/"]}]},{"@type":"BreadcrumbList","@id":"https:\/\/www.siuntos-i-anglija.lt\/kontaktai\/#breadcrumb","itemListElement":[{"@type":"ListItem","position":1,"name":"Home","item":"https:\/\/www.siuntos-i-anglija.lt\/"},{"@type":"ListItem","position":2,"name":"Kontaktai"}]},{"@type":"WebSite","@id":"https:\/\/www.siuntos-i-anglija.lt\/#website","url":"https:\/\/www.siuntos-i-anglija.lt\/","name":"Ve\u017eame keleivius, siuntas ir krovinius","description":"jau 20 met\u0173","publisher":{"@id":"https:\/\/www.siuntos-i-anglija.lt\/#organization"},"potentialAction":[{"@type":"SearchAction","target":{"@type":"EntryPoint","urlTemplate":"https:\/\/www.siuntos-i-anglija.lt\/?s={search_term_string}"},"query-input":"required name=search_term_string"}],"inLanguage":"et"},{"@type":"Organization","@id":"https:\/\/www.siuntos-i-anglija.lt\/#organization","name":"Ve\u017eame keleivius, siuntas ir krovinius","url":"https:\/\/www.siuntos-i-anglija.lt\/","logo":{"@type":"ImageObject","inLanguage":"et","@id":"https:\/\/www.siuntos-i-anglija.lt\/#\/schema\/logo\/image\/","url":"https:\/\/www.siuntos-i-anglija.lt\/wp-content\/uploads\/2023\/05\/mikroautobusas.png","contentUrl":"https:\/\/www.siuntos-i-anglija.lt\/wp-content\/uploads\/2023\/05\/mikroautobusas.png","width":600,"height":300,"caption":"Ve\u017eame keleivius, siuntas ir krovinius"},"image":{"@id":"https:\/\/www.siuntos-i-anglija.lt\/#\/schema\/logo\/image\/"},"sameAs":["http:\/\/facebook.com\/veza.lt"]},{"@type":"Person","@id":"https:\/\/www.siuntos-i-anglija.lt\/#\/schema\/person\/ac06fa58c26c22192b0a0d74c47f456b","name":"admin","image":{"@type":"ImageObject","inLanguage":"et","@id":"https:\/\/www.siuntos-i-anglija.lt\/#\/schema\/person\/image\/","url":"https:\/\/secure.gravatar.com\/avatar\/8031bcd867dff3260131a45d000f628b6176299e6fc83555a525bfd6757d6367?s=96&d=mm&r=g","contentUrl":"https:\/\/secure.gravatar.com\/avatar\/8031bcd867dff3260131a45d000f628b6176299e6fc83555a525bfd6757d6367?s=96&d=mm&r=g","caption":"admin"},"sameAs":["http:\/\/185.80.129.116\/vezu-i-anglija.lt"],"url":"https:\/\/www.siuntos-i-anglija.lt\/et\/author\/admin\/"}]}},"_links":{"self":[{"href":"https:\/\/www.siuntos-i-anglija.lt\/et\/wp-json\/wp\/v2\/pages\/12","targetHints":{"allow":["GET"]}}],"collection":[{"href":"https:\/\/www.siuntos-i-anglija.lt\/et\/wp-json\/wp\/v2\/pages"}],"about":[{"href":"https:\/\/www.siuntos-i-anglija.lt\/et\/wp-json\/wp\/v2\/types\/page"}],"author":[{"embeddable":true,"href":"https:\/\/www.siuntos-i-anglija.lt\/et\/wp-json\/wp\/v2\/users\/1"}],"replies":[{"embeddable":true,"href":"https:\/\/www.siuntos-i-anglija.lt\/et\/wp-json\/wp\/v2\/comments?post=12"}],"version-history":[{"count":10,"href":"https:\/\/www.siuntos-i-anglija.lt\/et\/wp-json\/wp\/v2\/pages\/12\/revisions"}],"predecessor-version":[{"id":2337,"href":"https:\/\/www.siuntos-i-anglija.lt\/et\/wp-json\/wp\/v2\/pages\/12\/revisions\/2337"}],"wp:attachment":[{"href":"https:\/\/www.siuntos-i-anglija.lt\/et\/wp-json\/wp\/v2\/media?parent=12"}],"curies":[{"name":"wp","href":"https:\/\/api.w.org\/{rel}","templated":true}]}}