{"id":10,"date":"2023-05-05T10:50:00","date_gmt":"2023-05-05T07:50:00","guid":{"rendered":"http:\/\/185.80.129.116\/vezu-i-anglija.lt\/?page_id=10"},"modified":"2025-01-30T14:23:22","modified_gmt":"2025-01-30T12:23:22","slug":"apie-mus","status":"publish","type":"page","link":"https:\/\/www.siuntos-i-anglija.lt\/lv\/par-mums\/","title":{"rendered":"Par mums"},"content":{"rendered":"<figure class=\"wp-block-image size-full\"><img loading=\"lazy\" decoding=\"async\" width=\"600\" height=\"300\" src=\"https:\/\/www.siuntos-i-anglija.lt\/wp-content\/uploads\/2023\/05\/mikroautobusas.png\" alt=\"\" class=\"wp-image-1080\" srcset=\"https:\/\/www.siuntos-i-anglija.lt\/wp-content\/uploads\/2023\/05\/mikroautobusas.png 600w, https:\/\/www.siuntos-i-anglija.lt\/wp-content\/uploads\/2023\/05\/mikroautobusas-300x150.png 300w\" sizes=\"auto, (max-width: 600px) 100vw, 600px\" \/><\/figure>\n\n\n\n<p class=\"justify_text\">SIUNTOS-I-ANGLIJA.LT pied\u0101v\u0101 Jums \u0101trus un dro\u0161us p\u0101rvad\u0101jumus ar mikroautobusiem un autobusiem no Lietuvas uz Eiropu un no Eiropas uz Lietuvu katru dienu.<\/p>\n\n\n\n<p class=\"justify_text\">Pasa\u017eieru, paku, kravu (motocikli, automa\u0161\u012bnas, m\u0113beles u.c.) p\u0101rvad\u0101jumi ar mikroautobusiem un autobusiem no visas Lietuvas uz Angliju, Skotiju, \u012ariju, Poliju, V\u0101ciju, Holandi, Be\u013c\u0123iju, Franciju, D\u0101niju, Zviedriju, Norv\u0113\u0123iju. Luksemburga, Sp\u0101nija, \u0160veice, Austrija, \u010cehija.<\/p>\n\n\n\n<p class=\"justify_text\">Starptautiskie p\u0101rv\u0101k\u0161an\u0101s pakalpojumi.<\/p>\n\n\n\n<p class=\"justify_text\">J\u016bs varat pas\u016bt\u012bt (\u012br\u0113t) mikroautobusu un\/vai autobusu cilv\u0113ku grupu p\u0101rvad\u0101\u0161anai vis\u0101 Eirop\u0101.<\/p>\n\n\n\n<p class=\"justify_text\">\u0112rti mikroautobusi un autobusi, pieredz\u0113ju\u0161i vad\u012bt\u0101ji.<\/p>\n\n\n\n<p class=\"justify_text\">Izbraucam no Lietuvas un atpaka\u013c uz Lietuvu katru ned\u0113\u013cas dienu<\/p>\n\n\n\n<p class=\"justify_text\">M\u0113s pied\u0101v\u0101jam vislab\u0101k\u0101s cenas, kvalit\u0101ti, \u0101tru, uzticamu pakalpojumu.<\/p>\n\n\n\n<h2 class=\"wp-block-heading\" id=\"h-skambink-mums-kasdien-nuo-8-00-iki-22-00-val-bet-kuriuo-klausimu\"><strong>Zvaniet mums katru dienu no 8<\/strong><\/h2>\n\n\n\n<ul class=\"wp-block-list\">\n<li><img decoding=\"async\" class=\"wp-image-238\" style=\"width: 28px;\" src=\"https:\/\/www.siuntos-i-anglija.lt\/wp-content\/uploads\/2023\/05\/lt.png\" alt=\"\"> <a href=\"tel: 37060604341\"><strong>Lietuva<\/strong> <nobr>+370 606 04341<\/nobr><\/a><\/li>\n\n\n\n<li><img decoding=\"async\" class=\"wp-image-178\" style=\"width: 28px;\" src=\"https:\/\/www.siuntos-i-anglija.lt\/wp-content\/uploads\/2023\/05\/gb.png\" alt=\"\"> <a data-type=\"tel\" data-id=\"tel:\" href=\"tel: 445601564237\"><strong>Anglija (Apvienot\u0101 Karaliste)<\/strong> <nobr>+4456 0156 4237<\/nobr><\/a><\/li>\n\n\n\n<li><img decoding=\"async\" class=\"wp-image-207\" style=\"width: 28px;\" src=\"https:\/\/www.siuntos-i-anglija.lt\/wp-content\/uploads\/2023\/05\/ie.png\" alt=\"\"> <a data-type=\"tel\" data-id=\"tel:\" href=\"tel: 35315137154\"><strong>\u012arija<\/strong> <nobr>+353 1513 7154<\/nobr><\/a><\/li>\n\n\n\n<li><img decoding=\"async\" class=\"wp-image-158\" style=\"width: 28px;\" src=\"https:\/\/www.siuntos-i-anglija.lt\/wp-content\/uploads\/2023\/05\/de.png\" alt=\"\"> <a data-type=\"tel\" data-id=\"tel:\" href=\"tel: 4915753403381\"><strong>V\u0101cija<\/strong> <nobr>+4915 7534 033 81<\/nobr><\/a><\/li>\n\n\n\n<li><img decoding=\"async\" class=\"wp-image-271\" style=\"width: 28px;\" src=\"https:\/\/www.siuntos-i-anglija.lt\/wp-content\/uploads\/2023\/05\/nl.png\" alt=\"\"> <a data-type=\"tel\" data-id=\"tel:\" href=\"tel: 31208903989\"><strong>Holande<\/strong> <nobr>+3120 8903 989<\/nobr><\/a><\/li>\n\n\n\n<li><img decoding=\"async\" class=\"wp-image-121\" style=\"width: 28px;\" src=\"https:\/\/www.siuntos-i-anglija.lt\/wp-content\/uploads\/2023\/05\/be.png\" alt=\"\"> <a data-type=\"tel\" data-id=\"tel:\" href=\"tel: 3228085604\"><strong>Be\u013c\u0123ija<\/strong> <nobr>+322 8085 604<\/nobr><\/a><\/li>\n\n\n\n<li><img decoding=\"async\" class=\"wp-image-160\" style=\"width: 28px;\" src=\"https:\/\/www.siuntos-i-anglija.lt\/wp-content\/uploads\/2023\/05\/dk.png\" alt=\"\"> <a data-type=\"tel\" data-id=\"tel:\" href=\"tel: 4589880969\"><strong>D\u0101nija<\/strong> <nobr>+45 8988 0969<\/nobr><\/a><\/li>\n\n\n\n<li><img decoding=\"async\" class=\"wp-image-302\" style=\"width: 28px;\" src=\"https:\/\/www.siuntos-i-anglija.lt\/wp-content\/uploads\/2023\/05\/se.png\" alt=\"\"> <a data-type=\"tel\" data-id=\"tel:\" href=\"tel: 46852507010\"><strong>Zviedrija<\/strong> <nobr>+468 5250 7010<\/nobr><\/a><\/li>\n\n\n\n<li><img decoding=\"async\" class=\"wp-image-176\" style=\"width: 28px;\" src=\"https:\/\/www.siuntos-i-anglija.lt\/wp-content\/uploads\/2023\/05\/fr.png\" alt=\"\"> <a data-type=\"tel\" data-id=\"tel:\" href=\"tel: 33182885948\"><strong>Francija<\/strong> <nobr>+33 1828 859 48<\/nobr><\/a><\/li>\n\n\n\n<li><a href=\"https:\/\/api.whatsapp.com\/send?phone=37060604300\"><img decoding=\"async\" class=\"wp-image-360\" style=\"width: 24px;\" src=\"https:\/\/www.siuntos-i-anglija.lt\/wp-content\/uploads\/whatsapp.png\" alt=\"\"> <strong>WhatsApp<\/strong><\/a><\/li>\n\n\n\n<li><a href=\"viber:\/\/add?number=37060604300\"><img decoding=\"async\" class=\"wp-image-359\" style=\"width: 24px;\" src=\"https:\/\/www.siuntos-i-anglija.lt\/wp-content\/uploads\/viber.png\" alt=\"\"> <strong>Viber<\/strong><\/a><\/li>\n\n\n\n<li><a href=\"https:\/\/www.facebook.com\/veza.lt\"><img decoding=\"async\" class=\"wp-image-360\" style=\"width: 24px;\" src=\"https:\/\/www.siuntos-i-anglija.lt\/wp-content\/uploads\/2023\/05\/facebook.png\" alt=\"\"> <strong>Facebook<\/strong><\/a><\/li>\n<\/ul>\n\n\n<p>[ccj id=&#8221;redial_form&#8221;]<\/p>","protected":false},"excerpt":{"rendered":"<p>SIUNTOS-I-ANGLIJA.LT si\u016blo jums greit\u0105 ir saugi\u0105 kelion\u0119 mikroautobusais ir autobusais i\u0161 Lietuvos \u012f Europ\u0105 ir atgal i\u0161 Europos kiekvien\u0105 dien\u0105. Ve\u017eame keleivius, siuntas ir krovinius (motociklus, automobilius, baldus ir kt. daiktus) \u012f Anglij\u0105, \u0160kotij\u0105, Airij\u0105, Lenkij\u0105, Vokietij\u0105, Liuksemburg\u0105, Olandij\u0105, Belgij\u0105,&#8230; <a class=\"more-link\" href=\"https:\/\/www.siuntos-i-anglija.lt\/lv\/par-mums\/\">Continue Reading &rarr;<\/a><\/p>","protected":false},"author":1,"featured_media":0,"parent":0,"menu_order":0,"comment_status":"closed","ping_status":"closed","template":"","meta":{"footnotes":""},"class_list":["post-10","page","type-page","status-publish","hentry"],"yoast_head":"<!-- This site is optimized with the Yoast SEO Premium plugin v20.7 (Yoast SEO v20.7) - https:\/\/yoast.com\/wordpress\/plugins\/seo\/ -->\n<title>Apie mus<\/title>\n<meta name=\"description\" content=\"Jau 21 metai Kasdien ve\u017eame \u012f Anglij\u0105 i\u0161 visos Lietuvos keleivius ir siuntinius mikroautobusais ir autobusais. Tel. 8-606-04341, +445601564237. Ve\u017eu \u012f Anglij\u0105 ir London\u0105 \u017emones, siuntas, baga\u017e\u0105 nuo dur\u0173 iki dur\u0173 kiekvien\u0105 dien\u0105. I\u0161 Anglijos \u012f Lietuv\u0105. Apie mus\" \/>\n<meta name=\"robots\" content=\"index, follow, max-snippet:-1, max-image-preview:large, max-video-preview:-1\" \/>\n<link rel=\"canonical\" href=\"https:\/\/www.siuntos-i-anglija.lt\/lv\/par-mums\/\" \/>\n<meta property=\"og:locale\" content=\"lv_LV\" \/>\n<meta property=\"og:type\" content=\"article\" \/>\n<meta property=\"og:title\" content=\"Apie mus\" \/>\n<meta property=\"og:description\" content=\"Jau 21 metai Kasdien ve\u017eame \u012f Anglij\u0105 i\u0161 visos Lietuvos keleivius ir siuntinius mikroautobusais ir autobusais. Tel. 8-606-04341, +445601564237. Ve\u017eu \u012f Anglij\u0105 ir London\u0105 \u017emones, siuntas, baga\u017e\u0105 nuo dur\u0173 iki dur\u0173 kiekvien\u0105 dien\u0105. I\u0161 Anglijos \u012f Lietuv\u0105. Apie mus\" \/>\n<meta property=\"og:url\" content=\"https:\/\/www.siuntos-i-anglija.lt\/lv\/par-mums\/\" \/>\n<meta property=\"og:site_name\" content=\"Ve\u017eame keleivius, siuntas ir krovinius\" \/>\n<meta property=\"article:publisher\" content=\"http:\/\/facebook.com\/veza.lt\" \/>\n<meta property=\"article:modified_time\" content=\"2025-01-30T12:23:22+00:00\" \/>\n<meta property=\"og:image\" content=\"https:\/\/www.siuntos-i-anglija.lt\/wp-content\/uploads\/2023\/05\/mikroautobusas.png\" \/>\n<meta name=\"twitter:card\" content=\"summary_large_image\" \/>\n<meta name=\"twitter:label1\" content=\"Est. reading time\" \/>\n\t<meta name=\"twitter:data1\" content=\"4 min\u016btes\" \/>\n<script type=\"application\/ld+json\" class=\"yoast-schema-graph\">{\"@context\":\"https:\/\/schema.org\",\"@graph\":[{\"@type\":\"Article\",\"@id\":\"https:\/\/www.siuntos-i-anglija.lt\/apie-mus\/#article\",\"isPartOf\":{\"@id\":\"https:\/\/www.siuntos-i-anglija.lt\/apie-mus\/\"},\"author\":{\"name\":\"admin\",\"@id\":\"https:\/\/www.siuntos-i-anglija.lt\/#\/schema\/person\/ac06fa58c26c22192b0a0d74c47f456b\"},\"headline\":\"Apie mus\",\"datePublished\":\"2023-05-05T07:50:00+00:00\",\"dateModified\":\"2025-01-30T12:23:22+00:00\",\"mainEntityOfPage\":{\"@id\":\"https:\/\/www.siuntos-i-anglija.lt\/apie-mus\/\"},\"wordCount\":132,\"publisher\":{\"@id\":\"https:\/\/www.siuntos-i-anglija.lt\/#organization\"},\"inLanguage\":\"lv-LV\"},{\"@type\":[\"WebPage\",\"AboutPage\"],\"@id\":\"https:\/\/www.siuntos-i-anglija.lt\/apie-mus\/\",\"url\":\"https:\/\/www.siuntos-i-anglija.lt\/apie-mus\/\",\"name\":\"Apie mus\",\"isPartOf\":{\"@id\":\"https:\/\/www.siuntos-i-anglija.lt\/#website\"},\"datePublished\":\"2023-05-05T07:50:00+00:00\",\"dateModified\":\"2025-01-30T12:23:22+00:00\",\"description\":\"Jau 21 metai Kasdien ve\u017eame \u012f Anglij\u0105 i\u0161 visos Lietuvos keleivius ir siuntinius mikroautobusais ir autobusais. Tel. 8-606-04341, +445601564237. Ve\u017eu \u012f Anglij\u0105 ir London\u0105 \u017emones, siuntas, baga\u017e\u0105 nuo dur\u0173 iki dur\u0173 kiekvien\u0105 dien\u0105. I\u0161 Anglijos \u012f Lietuv\u0105. Apie mus\",\"breadcrumb\":{\"@id\":\"https:\/\/www.siuntos-i-anglija.lt\/apie-mus\/#breadcrumb\"},\"inLanguage\":\"lv-LV\",\"potentialAction\":[{\"@type\":\"ReadAction\",\"target\":[\"https:\/\/www.siuntos-i-anglija.lt\/apie-mus\/\"]}]},{\"@type\":\"BreadcrumbList\",\"@id\":\"https:\/\/www.siuntos-i-anglija.lt\/apie-mus\/#breadcrumb\",\"itemListElement\":[{\"@type\":\"ListItem\",\"position\":1,\"name\":\"Home\",\"item\":\"https:\/\/www.siuntos-i-anglija.lt\/\"},{\"@type\":\"ListItem\",\"position\":2,\"name\":\"Apie mus\"}]},{\"@type\":\"WebSite\",\"@id\":\"https:\/\/www.siuntos-i-anglija.lt\/#website\",\"url\":\"https:\/\/www.siuntos-i-anglija.lt\/\",\"name\":\"Ve\u017eame keleivius, siuntas ir krovinius\",\"description\":\"jau 20 met\u0173\",\"publisher\":{\"@id\":\"https:\/\/www.siuntos-i-anglija.lt\/#organization\"},\"potentialAction\":[{\"@type\":\"SearchAction\",\"target\":{\"@type\":\"EntryPoint\",\"urlTemplate\":\"https:\/\/www.siuntos-i-anglija.lt\/?s={search_term_string}\"},\"query-input\":\"required name=search_term_string\"}],\"inLanguage\":\"lv-LV\"},{\"@type\":\"Organization\",\"@id\":\"https:\/\/www.siuntos-i-anglija.lt\/#organization\",\"name\":\"Ve\u017eame keleivius, siuntas ir krovinius\",\"url\":\"https:\/\/www.siuntos-i-anglija.lt\/\",\"logo\":{\"@type\":\"ImageObject\",\"inLanguage\":\"lv-LV\",\"@id\":\"https:\/\/www.siuntos-i-anglija.lt\/#\/schema\/logo\/image\/\",\"url\":\"https:\/\/www.siuntos-i-anglija.lt\/wp-content\/uploads\/2023\/05\/mikroautobusas.png\",\"contentUrl\":\"https:\/\/www.siuntos-i-anglija.lt\/wp-content\/uploads\/2023\/05\/mikroautobusas.png\",\"width\":600,\"height\":300,\"caption\":\"Ve\u017eame keleivius, siuntas ir krovinius\"},\"image\":{\"@id\":\"https:\/\/www.siuntos-i-anglija.lt\/#\/schema\/logo\/image\/\"},\"sameAs\":[\"http:\/\/facebook.com\/veza.lt\"]},{\"@type\":\"Person\",\"@id\":\"https:\/\/www.siuntos-i-anglija.lt\/#\/schema\/person\/ac06fa58c26c22192b0a0d74c47f456b\",\"name\":\"admin\",\"image\":{\"@type\":\"ImageObject\",\"inLanguage\":\"lv-LV\",\"@id\":\"https:\/\/www.siuntos-i-anglija.lt\/#\/schema\/person\/image\/\",\"url\":\"https:\/\/secure.gravatar.com\/avatar\/8031bcd867dff3260131a45d000f628b6176299e6fc83555a525bfd6757d6367?s=96&d=mm&r=g\",\"contentUrl\":\"https:\/\/secure.gravatar.com\/avatar\/8031bcd867dff3260131a45d000f628b6176299e6fc83555a525bfd6757d6367?s=96&d=mm&r=g\",\"caption\":\"admin\"},\"sameAs\":[\"http:\/\/185.80.129.116\/vezu-i-anglija.lt\"],\"url\":\"https:\/\/www.siuntos-i-anglija.lt\/lv\/author\/admin\/\"}]}<\/script>\n<!-- \/ Yoast SEO Premium plugin. -->","yoast_head_json":{"title":"Apie mus","description":"Jau 21 metai Kasdien ve\u017eame \u012f Anglij\u0105 i\u0161 visos Lietuvos keleivius ir siuntinius mikroautobusais ir autobusais. Tel. 8-606-04341, +445601564237. Ve\u017eu \u012f Anglij\u0105 ir London\u0105 \u017emones, siuntas, baga\u017e\u0105 nuo dur\u0173 iki dur\u0173 kiekvien\u0105 dien\u0105. I\u0161 Anglijos \u012f Lietuv\u0105. Apie mus","robots":{"index":"index","follow":"follow","max-snippet":"max-snippet:-1","max-image-preview":"max-image-preview:large","max-video-preview":"max-video-preview:-1"},"canonical":"https:\/\/www.siuntos-i-anglija.lt\/lv\/par-mums\/","og_locale":"lv_LV","og_type":"article","og_title":"Apie mus","og_description":"Jau 21 metai Kasdien ve\u017eame \u012f Anglij\u0105 i\u0161 visos Lietuvos keleivius ir siuntinius mikroautobusais ir autobusais. Tel. 8-606-04341, +445601564237. Ve\u017eu \u012f Anglij\u0105 ir London\u0105 \u017emones, siuntas, baga\u017e\u0105 nuo dur\u0173 iki dur\u0173 kiekvien\u0105 dien\u0105. I\u0161 Anglijos \u012f Lietuv\u0105. Apie mus","og_url":"https:\/\/www.siuntos-i-anglija.lt\/lv\/par-mums\/","og_site_name":"Ve\u017eame keleivius, siuntas ir krovinius","article_publisher":"http:\/\/facebook.com\/veza.lt","article_modified_time":"2025-01-30T12:23:22+00:00","og_image":[{"url":"https:\/\/www.siuntos-i-anglija.lt\/wp-content\/uploads\/2023\/05\/mikroautobusas.png"}],"twitter_card":"summary_large_image","twitter_misc":{"Est. reading time":"4 min\u016btes"},"schema":{"@context":"https:\/\/schema.org","@graph":[{"@type":"Article","@id":"https:\/\/www.siuntos-i-anglija.lt\/apie-mus\/#article","isPartOf":{"@id":"https:\/\/www.siuntos-i-anglija.lt\/apie-mus\/"},"author":{"name":"admin","@id":"https:\/\/www.siuntos-i-anglija.lt\/#\/schema\/person\/ac06fa58c26c22192b0a0d74c47f456b"},"headline":"Apie mus","datePublished":"2023-05-05T07:50:00+00:00","dateModified":"2025-01-30T12:23:22+00:00","mainEntityOfPage":{"@id":"https:\/\/www.siuntos-i-anglija.lt\/apie-mus\/"},"wordCount":132,"publisher":{"@id":"https:\/\/www.siuntos-i-anglija.lt\/#organization"},"inLanguage":"lv-LV"},{"@type":["WebPage","AboutPage"],"@id":"https:\/\/www.siuntos-i-anglija.lt\/apie-mus\/","url":"https:\/\/www.siuntos-i-anglija.lt\/apie-mus\/","name":"Apie mus","isPartOf":{"@id":"https:\/\/www.siuntos-i-anglija.lt\/#website"},"datePublished":"2023-05-05T07:50:00+00:00","dateModified":"2025-01-30T12:23:22+00:00","description":"Jau 21 metai Kasdien ve\u017eame \u012f Anglij\u0105 i\u0161 visos Lietuvos keleivius ir siuntinius mikroautobusais ir autobusais. Tel. 8-606-04341, +445601564237. Ve\u017eu \u012f Anglij\u0105 ir London\u0105 \u017emones, siuntas, baga\u017e\u0105 nuo dur\u0173 iki dur\u0173 kiekvien\u0105 dien\u0105. I\u0161 Anglijos \u012f Lietuv\u0105. Apie mus","breadcrumb":{"@id":"https:\/\/www.siuntos-i-anglija.lt\/apie-mus\/#breadcrumb"},"inLanguage":"lv-LV","potentialAction":[{"@type":"ReadAction","target":["https:\/\/www.siuntos-i-anglija.lt\/apie-mus\/"]}]},{"@type":"BreadcrumbList","@id":"https:\/\/www.siuntos-i-anglija.lt\/apie-mus\/#breadcrumb","itemListElement":[{"@type":"ListItem","position":1,"name":"Home","item":"https:\/\/www.siuntos-i-anglija.lt\/"},{"@type":"ListItem","position":2,"name":"Apie mus"}]},{"@type":"WebSite","@id":"https:\/\/www.siuntos-i-anglija.lt\/#website","url":"https:\/\/www.siuntos-i-anglija.lt\/","name":"Ve\u017eame keleivius, siuntas ir krovinius","description":"jau 20 met\u0173","publisher":{"@id":"https:\/\/www.siuntos-i-anglija.lt\/#organization"},"potentialAction":[{"@type":"SearchAction","target":{"@type":"EntryPoint","urlTemplate":"https:\/\/www.siuntos-i-anglija.lt\/?s={search_term_string}"},"query-input":"required name=search_term_string"}],"inLanguage":"lv-LV"},{"@type":"Organization","@id":"https:\/\/www.siuntos-i-anglija.lt\/#organization","name":"Ve\u017eame keleivius, siuntas ir krovinius","url":"https:\/\/www.siuntos-i-anglija.lt\/","logo":{"@type":"ImageObject","inLanguage":"lv-LV","@id":"https:\/\/www.siuntos-i-anglija.lt\/#\/schema\/logo\/image\/","url":"https:\/\/www.siuntos-i-anglija.lt\/wp-content\/uploads\/2023\/05\/mikroautobusas.png","contentUrl":"https:\/\/www.siuntos-i-anglija.lt\/wp-content\/uploads\/2023\/05\/mikroautobusas.png","width":600,"height":300,"caption":"Ve\u017eame keleivius, siuntas ir krovinius"},"image":{"@id":"https:\/\/www.siuntos-i-anglija.lt\/#\/schema\/logo\/image\/"},"sameAs":["http:\/\/facebook.com\/veza.lt"]},{"@type":"Person","@id":"https:\/\/www.siuntos-i-anglija.lt\/#\/schema\/person\/ac06fa58c26c22192b0a0d74c47f456b","name":"admin","image":{"@type":"ImageObject","inLanguage":"lv-LV","@id":"https:\/\/www.siuntos-i-anglija.lt\/#\/schema\/person\/image\/","url":"https:\/\/secure.gravatar.com\/avatar\/8031bcd867dff3260131a45d000f628b6176299e6fc83555a525bfd6757d6367?s=96&d=mm&r=g","contentUrl":"https:\/\/secure.gravatar.com\/avatar\/8031bcd867dff3260131a45d000f628b6176299e6fc83555a525bfd6757d6367?s=96&d=mm&r=g","caption":"admin"},"sameAs":["http:\/\/185.80.129.116\/vezu-i-anglija.lt"],"url":"https:\/\/www.siuntos-i-anglija.lt\/lv\/author\/admin\/"}]}},"_links":{"self":[{"href":"https:\/\/www.siuntos-i-anglija.lt\/lv\/wp-json\/wp\/v2\/pages\/10","targetHints":{"allow":["GET"]}}],"collection":[{"href":"https:\/\/www.siuntos-i-anglija.lt\/lv\/wp-json\/wp\/v2\/pages"}],"about":[{"href":"https:\/\/www.siuntos-i-anglija.lt\/lv\/wp-json\/wp\/v2\/types\/page"}],"author":[{"embeddable":true,"href":"https:\/\/www.siuntos-i-anglija.lt\/lv\/wp-json\/wp\/v2\/users\/1"}],"replies":[{"embeddable":true,"href":"https:\/\/www.siuntos-i-anglija.lt\/lv\/wp-json\/wp\/v2\/comments?post=10"}],"version-history":[{"count":9,"href":"https:\/\/www.siuntos-i-anglija.lt\/lv\/wp-json\/wp\/v2\/pages\/10\/revisions"}],"predecessor-version":[{"id":2336,"href":"https:\/\/www.siuntos-i-anglija.lt\/lv\/wp-json\/wp\/v2\/pages\/10\/revisions\/2336"}],"wp:attachment":[{"href":"https:\/\/www.siuntos-i-anglija.lt\/lv\/wp-json\/wp\/v2\/media?parent=10"}],"curies":[{"name":"wp","href":"https:\/\/api.w.org\/{rel}","templated":true}]}}