{"id":1669,"date":"2023-06-07T16:32:52","date_gmt":"2023-06-07T13:32:52","guid":{"rendered":"https:\/\/www.siuntos-i-anglija.lt\/?page_id=1669"},"modified":"2023-06-09T14:19:57","modified_gmt":"2023-06-09T11:19:57","slug":"perkraustymas","status":"publish","type":"page","link":"https:\/\/www.siuntos-i-anglija.lt\/lv\/perkraustymas\/","title":{"rendered":"p\u0101rv\u0101k\u0161an\u0101s pakalpojumi"},"content":{"rendered":"<p><a href=\"https:\/\/www.siuntos-i-anglija.lt\/lv\/parvaksanas-pakalpojumi-lietuva-anglija-apvienota-karaliste\/\">Anglija (Apvienot\u0101 Karaliste)<\/a><br \/>\n<a href=\"https:\/\/www.siuntos-i-anglija.lt\/lv\/parvaksanas-pakalpojumi-lietuva-skotija\/\">Skotija<\/a><br \/>\n<a href=\"https:\/\/www.siuntos-i-anglija.lt\/lv\/parvaksanas-pakalpojumi-lietuva-velsa\/\">Velsa<\/a><br \/>\n<a href=\"https:\/\/www.siuntos-i-anglija.lt\/lv\/parvaksanas-pakalpojumi-lietuva-irija\/\">\u012arija<\/a><br \/>\n<a href=\"https:\/\/www.siuntos-i-anglija.lt\/lv\/parvaksanas-pakalpojumi-lietuva-vacija\/\">V\u0101cija<\/a><br \/>\n<a href=\"https:\/\/www.siuntos-i-anglija.lt\/lv\/parvaksanas-pakalpojumi-lietuva-niderlande\/\">Holande<\/a><br \/>\n<a href=\"https:\/\/www.siuntos-i-anglija.lt\/lv\/parvaksanas-pakalpojumi-lietuva-belgija\/\">Be\u013c\u0123ija<\/a><br \/>\n<a href=\"https:\/\/www.siuntos-i-anglija.lt\/lv\/parvaksanas-pakalpojumi-lietuva-danija\/\">D\u0101nija<\/a><br \/>\n<a href=\"https:\/\/www.siuntos-i-anglija.lt\/lv\/parvaksanas-pakalpojumi-lietuva-norvegija\/\">Norv\u0113\u0123ija<\/a><br \/>\n<a href=\"https:\/\/www.siuntos-i-anglija.lt\/lv\/parvaksanas-pakalpojumi-lietuva-zviedrija\/\">Zviedrija<\/a><br \/>\n<a href=\"https:\/\/www.siuntos-i-anglija.lt\/lv\/parvaksanas-pakalpojumi-lietuva-francija\/\">Francija<\/a><br \/>\n<a href=\"https:\/\/www.siuntos-i-anglija.lt\/lv\/parvaksanas-pakalpojumi-lietuva-luksemburga\/\">Luksemburga<\/a><br \/>\n<a href=\"https:\/\/www.siuntos-i-anglija.lt\/lv\/parvaksanas-pakalpojumi-lietuva-sveice\/\">\u0160veice<\/a><br \/>\n<a href=\"https:\/\/www.siuntos-i-anglija.lt\/lv\/parvaksanas-pakalpojumi-lietuva-spanija\/\">Sp\u0101nija<\/a><br \/>\n<a href=\"https:\/\/www.siuntos-i-anglija.lt\/lv\/parvaksanas-pakalpojumi-lietuva-polija\/\">Polija<\/a><br \/>\n<a href=\"https:\/\/www.siuntos-i-anglija.lt\/lv\/parvaksanas-pakalpojumi-lietuva-cehija\/\">\u010cehu Republika<\/a><br \/>\n<a href=\"https:\/\/www.siuntos-i-anglija.lt\/lv\/parvaksanas-pakalpojumi-lietuva-austrija\/\">Austrija<\/a><\/p>","protected":false},"excerpt":{"rendered":"<p>Anglija Skotija Velsas Airija Vokietija Olandija Belgija Danija Norvegija Svedija Prancuzija Liuksemburgas Sveicarija Ispanija Lenkija Cekija Austrija<\/p>","protected":false},"author":1,"featured_media":0,"parent":0,"menu_order":0,"comment_status":"closed","ping_status":"closed","template":"","meta":{"footnotes":""},"class_list":["post-1669","page","type-page","status-publish","hentry"],"yoast_head":"<!-- This site is optimized with the Yoast SEO Premium plugin v20.7 (Yoast SEO v20.7) - https:\/\/yoast.com\/wordpress\/plugins\/seo\/ -->\n<title>Perkraustymas<\/title>\n<meta name=\"robots\" content=\"index, follow, max-snippet:-1, max-image-preview:large, max-video-preview:-1\" \/>\n<link rel=\"canonical\" href=\"https:\/\/www.siuntos-i-anglija.lt\/lv\/perkraustymas\/\" \/>\n<meta property=\"og:locale\" content=\"lv_LV\" \/>\n<meta property=\"og:type\" content=\"article\" \/>\n<meta property=\"og:title\" content=\"Perkraustymas\" \/>\n<meta property=\"og:description\" content=\"Anglija Skotija Velsas Airija Vokietija Olandija Belgija Danija Norvegija Svedija Prancuzija Liuksemburgas Sveicarija Ispanija Lenkija Cekija Austrija\" \/>\n<meta property=\"og:url\" content=\"https:\/\/www.siuntos-i-anglija.lt\/lv\/perkraustymas\/\" \/>\n<meta property=\"og:site_name\" content=\"Ve\u017eame keleivius, siuntas ir krovinius\" \/>\n<meta property=\"article:publisher\" content=\"http:\/\/facebook.com\/veza.lt\" \/>\n<meta property=\"article:modified_time\" content=\"2023-06-09T11:19:57+00:00\" \/>\n<meta property=\"og:image\" content=\"https:\/\/www.siuntos-i-anglija.lt\/wp-content\/uploads\/2023\/05\/mikroautobusas.png\" \/>\n\t<meta property=\"og:image:width\" content=\"600\" \/>\n\t<meta property=\"og:image:height\" content=\"300\" \/>\n\t<meta property=\"og:image:type\" content=\"image\/png\" \/>\n<meta name=\"twitter:card\" content=\"summary_large_image\" \/>\n<meta name=\"twitter:label1\" content=\"Est. reading time\" \/>\n\t<meta name=\"twitter:data1\" content=\"1 min\u016bte\" \/>\n<script type=\"application\/ld+json\" class=\"yoast-schema-graph\">{\"@context\":\"https:\/\/schema.org\",\"@graph\":[{\"@type\":\"WebPage\",\"@id\":\"https:\/\/www.siuntos-i-anglija.lt\/perkraustymas\/\",\"url\":\"https:\/\/www.siuntos-i-anglija.lt\/perkraustymas\/\",\"name\":\"Perkraustymas\",\"isPartOf\":{\"@id\":\"https:\/\/www.siuntos-i-anglija.lt\/#website\"},\"datePublished\":\"2023-06-07T13:32:52+00:00\",\"dateModified\":\"2023-06-09T11:19:57+00:00\",\"breadcrumb\":{\"@id\":\"https:\/\/www.siuntos-i-anglija.lt\/perkraustymas\/#breadcrumb\"},\"inLanguage\":\"lv-LV\",\"potentialAction\":[{\"@type\":\"ReadAction\",\"target\":[\"https:\/\/www.siuntos-i-anglija.lt\/perkraustymas\/\"]}]},{\"@type\":\"BreadcrumbList\",\"@id\":\"https:\/\/www.siuntos-i-anglija.lt\/perkraustymas\/#breadcrumb\",\"itemListElement\":[{\"@type\":\"ListItem\",\"position\":1,\"name\":\"Home\",\"item\":\"https:\/\/www.siuntos-i-anglija.lt\/\"},{\"@type\":\"ListItem\",\"position\":2,\"name\":\"Perkraustymas\"}]},{\"@type\":\"WebSite\",\"@id\":\"https:\/\/www.siuntos-i-anglija.lt\/#website\",\"url\":\"https:\/\/www.siuntos-i-anglija.lt\/\",\"name\":\"Ve\u017eame keleivius, siuntas ir krovinius\",\"description\":\"jau 20 met\u0173\",\"publisher\":{\"@id\":\"https:\/\/www.siuntos-i-anglija.lt\/#organization\"},\"potentialAction\":[{\"@type\":\"SearchAction\",\"target\":{\"@type\":\"EntryPoint\",\"urlTemplate\":\"https:\/\/www.siuntos-i-anglija.lt\/?s={search_term_string}\"},\"query-input\":\"required name=search_term_string\"}],\"inLanguage\":\"lv-LV\"},{\"@type\":\"Organization\",\"@id\":\"https:\/\/www.siuntos-i-anglija.lt\/#organization\",\"name\":\"Ve\u017eame keleivius, siuntas ir krovinius\",\"url\":\"https:\/\/www.siuntos-i-anglija.lt\/\",\"logo\":{\"@type\":\"ImageObject\",\"inLanguage\":\"lv-LV\",\"@id\":\"https:\/\/www.siuntos-i-anglija.lt\/#\/schema\/logo\/image\/\",\"url\":\"https:\/\/www.siuntos-i-anglija.lt\/wp-content\/uploads\/2023\/05\/mikroautobusas.png\",\"contentUrl\":\"https:\/\/www.siuntos-i-anglija.lt\/wp-content\/uploads\/2023\/05\/mikroautobusas.png\",\"width\":600,\"height\":300,\"caption\":\"Ve\u017eame keleivius, siuntas ir krovinius\"},\"image\":{\"@id\":\"https:\/\/www.siuntos-i-anglija.lt\/#\/schema\/logo\/image\/\"},\"sameAs\":[\"http:\/\/facebook.com\/veza.lt\"]}]}<\/script>\n<!-- \/ Yoast SEO Premium plugin. -->","yoast_head_json":{"title":"Perkraustymas","robots":{"index":"index","follow":"follow","max-snippet":"max-snippet:-1","max-image-preview":"max-image-preview:large","max-video-preview":"max-video-preview:-1"},"canonical":"https:\/\/www.siuntos-i-anglija.lt\/lv\/perkraustymas\/","og_locale":"lv_LV","og_type":"article","og_title":"Perkraustymas","og_description":"Anglija Skotija Velsas Airija Vokietija Olandija Belgija Danija Norvegija Svedija Prancuzija Liuksemburgas Sveicarija Ispanija Lenkija Cekija Austrija","og_url":"https:\/\/www.siuntos-i-anglija.lt\/lv\/perkraustymas\/","og_site_name":"Ve\u017eame keleivius, siuntas ir krovinius","article_publisher":"http:\/\/facebook.com\/veza.lt","article_modified_time":"2023-06-09T11:19:57+00:00","og_image":[{"width":600,"height":300,"url":"https:\/\/www.siuntos-i-anglija.lt\/wp-content\/uploads\/2023\/05\/mikroautobusas.png","type":"image\/png"}],"twitter_card":"summary_large_image","twitter_misc":{"Est. reading time":"1 min\u016bte"},"schema":{"@context":"https:\/\/schema.org","@graph":[{"@type":"WebPage","@id":"https:\/\/www.siuntos-i-anglija.lt\/perkraustymas\/","url":"https:\/\/www.siuntos-i-anglija.lt\/perkraustymas\/","name":"Perkraustymas","isPartOf":{"@id":"https:\/\/www.siuntos-i-anglija.lt\/#website"},"datePublished":"2023-06-07T13:32:52+00:00","dateModified":"2023-06-09T11:19:57+00:00","breadcrumb":{"@id":"https:\/\/www.siuntos-i-anglija.lt\/perkraustymas\/#breadcrumb"},"inLanguage":"lv-LV","potentialAction":[{"@type":"ReadAction","target":["https:\/\/www.siuntos-i-anglija.lt\/perkraustymas\/"]}]},{"@type":"BreadcrumbList","@id":"https:\/\/www.siuntos-i-anglija.lt\/perkraustymas\/#breadcrumb","itemListElement":[{"@type":"ListItem","position":1,"name":"Home","item":"https:\/\/www.siuntos-i-anglija.lt\/"},{"@type":"ListItem","position":2,"name":"Perkraustymas"}]},{"@type":"WebSite","@id":"https:\/\/www.siuntos-i-anglija.lt\/#website","url":"https:\/\/www.siuntos-i-anglija.lt\/","name":"Ve\u017eame keleivius, siuntas ir krovinius","description":"jau 20 met\u0173","publisher":{"@id":"https:\/\/www.siuntos-i-anglija.lt\/#organization"},"potentialAction":[{"@type":"SearchAction","target":{"@type":"EntryPoint","urlTemplate":"https:\/\/www.siuntos-i-anglija.lt\/?s={search_term_string}"},"query-input":"required name=search_term_string"}],"inLanguage":"lv-LV"},{"@type":"Organization","@id":"https:\/\/www.siuntos-i-anglija.lt\/#organization","name":"Ve\u017eame keleivius, siuntas ir krovinius","url":"https:\/\/www.siuntos-i-anglija.lt\/","logo":{"@type":"ImageObject","inLanguage":"lv-LV","@id":"https:\/\/www.siuntos-i-anglija.lt\/#\/schema\/logo\/image\/","url":"https:\/\/www.siuntos-i-anglija.lt\/wp-content\/uploads\/2023\/05\/mikroautobusas.png","contentUrl":"https:\/\/www.siuntos-i-anglija.lt\/wp-content\/uploads\/2023\/05\/mikroautobusas.png","width":600,"height":300,"caption":"Ve\u017eame keleivius, siuntas ir krovinius"},"image":{"@id":"https:\/\/www.siuntos-i-anglija.lt\/#\/schema\/logo\/image\/"},"sameAs":["http:\/\/facebook.com\/veza.lt"]}]}},"_links":{"self":[{"href":"https:\/\/www.siuntos-i-anglija.lt\/lv\/wp-json\/wp\/v2\/pages\/1669","targetHints":{"allow":["GET"]}}],"collection":[{"href":"https:\/\/www.siuntos-i-anglija.lt\/lv\/wp-json\/wp\/v2\/pages"}],"about":[{"href":"https:\/\/www.siuntos-i-anglija.lt\/lv\/wp-json\/wp\/v2\/types\/page"}],"author":[{"embeddable":true,"href":"https:\/\/www.siuntos-i-anglija.lt\/lv\/wp-json\/wp\/v2\/users\/1"}],"replies":[{"embeddable":true,"href":"https:\/\/www.siuntos-i-anglija.lt\/lv\/wp-json\/wp\/v2\/comments?post=1669"}],"version-history":[{"count":1,"href":"https:\/\/www.siuntos-i-anglija.lt\/lv\/wp-json\/wp\/v2\/pages\/1669\/revisions"}],"predecessor-version":[{"id":1991,"href":"https:\/\/www.siuntos-i-anglija.lt\/lv\/wp-json\/wp\/v2\/pages\/1669\/revisions\/1991"}],"wp:attachment":[{"href":"https:\/\/www.siuntos-i-anglija.lt\/lv\/wp-json\/wp\/v2\/media?parent=1669"}],"curies":[{"name":"wp","href":"https:\/\/api.w.org\/{rel}","templated":true}]}}