{"id":2002,"date":"2023-06-09T14:23:12","date_gmt":"2023-06-09T11:23:12","guid":{"rendered":"https:\/\/www.siuntos-i-anglija.lt\/?page_id=2002"},"modified":"2023-06-27T13:34:13","modified_gmt":"2023-06-27T10:34:13","slug":"perkraustymo-paslaugos-lietuva-olandija","status":"publish","type":"page","link":"https:\/\/www.siuntos-i-anglija.lt\/lv\/parvaksanas-pakalpojumi-lietuva-niderlande\/","title":{"rendered":"Katru dienu p\u0101rvad\u0101jam kravas, pakas, p\u0101rvieto\u0161anas pakalpojumus no Lietuvas uz Holandi (N\u012bderlande)"},"content":{"rendered":"<p>[ccj id=&#8221;notification&#8221;  alfa=&#8221;nl&#8221;]<\/p>\n\n\n<p>[ccj id=&#8221;contacts&#8221;  from=&#8221;lt&#8221; to=&#8221;nl&#8221;]<\/p>\n\n\n<p>[ccj id=&#8221;content_moving&#8221; alfa=&#8221;nl&#8221;]<\/p>\n\n\n<p>[ccj id=&#8221;moving&#8221; from=&#8221;lt&#8221; to=&#8221;nl&#8221;]<\/p>\n\n\n<p>[ccj id=&#8221;cargo&#8221;  from=&#8221;lt&#8221; to=&#8221;nl&#8221;]<\/p>\n\n\n<p>[ccj id=&#8221;shipment&#8221;  from=&#8221;lt&#8221; to=&#8221;nl&#8221;]<\/p>\n\n\n<p>[ccj id=&#8221;moto&#8221;  from=&#8221;lt&#8221; to=&#8221;nl&#8221;]<\/p>\n\n\n<p>[ccj id=&#8221;auto&#8221;  from=&#8221;lt&#8221; to=&#8221;nl&#8221;]<\/p>\n\n\n<p>[ccj id=&#8221;passenger&#8221; from=&#8221;lt&#8221; to=&#8221;nl&#8221;]<\/p>\n\n\n<p>[ccj id=&#8221;animal&#8221;  from=&#8221;lt&#8221; to=&#8221;nl&#8221;]<\/p>\n\n\n<p>[ccj id=&#8221;nearest_trips&#8221; alfa=&#8221;nl&#8221;]<\/p>\n\n\n<p>[ccj id=&#8221;contacts2&#8243;  from=&#8221;lt&#8221; to=&#8221;nl&#8221;]<\/p>\n\n\n<p>[ccj id=&#8221;redial_form&#8221;]<\/p>","protected":false},"excerpt":{"rendered":"","protected":false},"author":1,"featured_media":0,"parent":0,"menu_order":0,"comment_status":"closed","ping_status":"closed","template":"","meta":{"footnotes":""},"class_list":["post-2002","page","type-page","status-publish","hentry"],"yoast_head":"<!-- This site is optimized with the Yoast SEO Premium plugin v20.7 (Yoast SEO v20.7) - https:\/\/yoast.com\/wordpress\/plugins\/seo\/ -->\n<title>Kasdien ve\u017eame \u012f Olandij\u0105 (Nyderlandus) ir i\u0161 Olandijos krovinius, siuntas, perkraustymas<\/title>\n<meta name=\"description\" content=\"Jau 21 metai Kasdien perkraustymas \u012f Olandij\u0105 (Nyderlandus) i\u0161 visos Lietuvos ve\u017eame krovinius ir siuntas mikroautobusais. Tel. 8-606-04341, +31208903989. Ve\u017eu \u012f Olandij\u0105 baldus, krovinius, siuntas nuo dur\u0173 iki dur\u0173 kiekvien\u0105 dien\u0105. I\u0161 Olandijos \u012f Lietuv\u0105.\" \/>\n<meta name=\"robots\" content=\"index, follow, max-snippet:-1, max-image-preview:large, max-video-preview:-1\" \/>\n<link rel=\"canonical\" href=\"https:\/\/www.siuntos-i-anglija.lt\/lv\/parvaksanas-pakalpojumi-lietuva-niderlande\/\" \/>\n<meta property=\"og:locale\" content=\"lv_LV\" \/>\n<meta property=\"og:type\" content=\"article\" \/>\n<meta property=\"og:title\" content=\"Kasdien ve\u017eame \u012f Olandij\u0105 (Nyderlandus) ir i\u0161 Olandijos krovinius, siuntas, perkraustymas\" \/>\n<meta property=\"og:description\" content=\"Jau 21 metai Kasdien perkraustymas \u012f Olandij\u0105 (Nyderlandus) i\u0161 visos Lietuvos ve\u017eame krovinius ir siuntas mikroautobusais. Tel. 8-606-04341, +31208903989. Ve\u017eu \u012f Olandij\u0105 baldus, krovinius, siuntas nuo dur\u0173 iki dur\u0173 kiekvien\u0105 dien\u0105. I\u0161 Olandijos \u012f Lietuv\u0105.\" \/>\n<meta property=\"og:url\" content=\"https:\/\/www.siuntos-i-anglija.lt\/lv\/parvaksanas-pakalpojumi-lietuva-niderlande\/\" \/>\n<meta property=\"og:site_name\" content=\"Ve\u017eame keleivius, siuntas ir krovinius\" \/>\n<meta property=\"article:publisher\" content=\"http:\/\/facebook.com\/veza.lt\" \/>\n<meta property=\"article:modified_time\" content=\"2023-06-27T10:34:13+00:00\" \/>\n<meta property=\"og:image\" content=\"https:\/\/www.siuntos-i-anglija.lt\/wp-content\/uploads\/2023\/05\/mikroautobusas.png\" \/>\n\t<meta property=\"og:image:width\" content=\"600\" \/>\n\t<meta property=\"og:image:height\" content=\"300\" \/>\n\t<meta property=\"og:image:type\" content=\"image\/png\" \/>\n<meta name=\"twitter:card\" content=\"summary_large_image\" \/>\n<meta name=\"twitter:label1\" content=\"Est. reading time\" \/>\n\t<meta name=\"twitter:data1\" content=\"1 min\u016bte\" \/>\n<script type=\"application\/ld+json\" class=\"yoast-schema-graph\">{\"@context\":\"https:\/\/schema.org\",\"@graph\":[{\"@type\":\"WebPage\",\"@id\":\"https:\/\/www.siuntos-i-anglija.lt\/perkraustymo-paslaugos-lietuva-olandija\/\",\"url\":\"https:\/\/www.siuntos-i-anglija.lt\/perkraustymo-paslaugos-lietuva-olandija\/\",\"name\":\"Kasdien ve\u017eame \u012f Olandij\u0105 (Nyderlandus) ir i\u0161 Olandijos krovinius, siuntas, perkraustymas\",\"isPartOf\":{\"@id\":\"https:\/\/www.siuntos-i-anglija.lt\/#website\"},\"datePublished\":\"2023-06-09T11:23:12+00:00\",\"dateModified\":\"2023-06-27T10:34:13+00:00\",\"description\":\"Jau 21 metai Kasdien perkraustymas \u012f Olandij\u0105 (Nyderlandus) i\u0161 visos Lietuvos ve\u017eame krovinius ir siuntas mikroautobusais. Tel. 8-606-04341, +31208903989. Ve\u017eu \u012f Olandij\u0105 baldus, krovinius, siuntas nuo dur\u0173 iki dur\u0173 kiekvien\u0105 dien\u0105. I\u0161 Olandijos \u012f Lietuv\u0105.\",\"breadcrumb\":{\"@id\":\"https:\/\/www.siuntos-i-anglija.lt\/perkraustymo-paslaugos-lietuva-olandija\/#breadcrumb\"},\"inLanguage\":\"lv-LV\",\"potentialAction\":[{\"@type\":\"ReadAction\",\"target\":[\"https:\/\/www.siuntos-i-anglija.lt\/perkraustymo-paslaugos-lietuva-olandija\/\"]}]},{\"@type\":\"BreadcrumbList\",\"@id\":\"https:\/\/www.siuntos-i-anglija.lt\/perkraustymo-paslaugos-lietuva-olandija\/#breadcrumb\",\"itemListElement\":[{\"@type\":\"ListItem\",\"position\":1,\"name\":\"Home\",\"item\":\"https:\/\/www.siuntos-i-anglija.lt\/\"},{\"@type\":\"ListItem\",\"position\":2,\"name\":\"Kasdien ve\u017eame \u012f Olandij\u0105 (Nyderlandus) ir i\u0161 Olandijos krovinius, siuntas, perkraustymas\"}]},{\"@type\":\"WebSite\",\"@id\":\"https:\/\/www.siuntos-i-anglija.lt\/#website\",\"url\":\"https:\/\/www.siuntos-i-anglija.lt\/\",\"name\":\"Ve\u017eame keleivius, siuntas ir krovinius\",\"description\":\"jau 20 met\u0173\",\"publisher\":{\"@id\":\"https:\/\/www.siuntos-i-anglija.lt\/#organization\"},\"potentialAction\":[{\"@type\":\"SearchAction\",\"target\":{\"@type\":\"EntryPoint\",\"urlTemplate\":\"https:\/\/www.siuntos-i-anglija.lt\/?s={search_term_string}\"},\"query-input\":\"required name=search_term_string\"}],\"inLanguage\":\"lv-LV\"},{\"@type\":\"Organization\",\"@id\":\"https:\/\/www.siuntos-i-anglija.lt\/#organization\",\"name\":\"Ve\u017eame keleivius, siuntas ir krovinius\",\"url\":\"https:\/\/www.siuntos-i-anglija.lt\/\",\"logo\":{\"@type\":\"ImageObject\",\"inLanguage\":\"lv-LV\",\"@id\":\"https:\/\/www.siuntos-i-anglija.lt\/#\/schema\/logo\/image\/\",\"url\":\"https:\/\/www.siuntos-i-anglija.lt\/wp-content\/uploads\/2023\/05\/mikroautobusas.png\",\"contentUrl\":\"https:\/\/www.siuntos-i-anglija.lt\/wp-content\/uploads\/2023\/05\/mikroautobusas.png\",\"width\":600,\"height\":300,\"caption\":\"Ve\u017eame keleivius, siuntas ir krovinius\"},\"image\":{\"@id\":\"https:\/\/www.siuntos-i-anglija.lt\/#\/schema\/logo\/image\/\"},\"sameAs\":[\"http:\/\/facebook.com\/veza.lt\"]}]}<\/script>\n<!-- \/ Yoast SEO Premium plugin. -->","yoast_head_json":{"title":"Kasdien ve\u017eame \u012f Olandij\u0105 (Nyderlandus) ir i\u0161 Olandijos krovinius, siuntas, perkraustymas","description":"Jau 21 metai Kasdien perkraustymas \u012f Olandij\u0105 (Nyderlandus) i\u0161 visos Lietuvos ve\u017eame krovinius ir siuntas mikroautobusais. Tel. 8-606-04341, +31208903989. Ve\u017eu \u012f Olandij\u0105 baldus, krovinius, siuntas nuo dur\u0173 iki dur\u0173 kiekvien\u0105 dien\u0105. I\u0161 Olandijos \u012f Lietuv\u0105.","robots":{"index":"index","follow":"follow","max-snippet":"max-snippet:-1","max-image-preview":"max-image-preview:large","max-video-preview":"max-video-preview:-1"},"canonical":"https:\/\/www.siuntos-i-anglija.lt\/lv\/parvaksanas-pakalpojumi-lietuva-niderlande\/","og_locale":"lv_LV","og_type":"article","og_title":"Kasdien ve\u017eame \u012f Olandij\u0105 (Nyderlandus) ir i\u0161 Olandijos krovinius, siuntas, perkraustymas","og_description":"Jau 21 metai Kasdien perkraustymas \u012f Olandij\u0105 (Nyderlandus) i\u0161 visos Lietuvos ve\u017eame krovinius ir siuntas mikroautobusais. Tel. 8-606-04341, +31208903989. Ve\u017eu \u012f Olandij\u0105 baldus, krovinius, siuntas nuo dur\u0173 iki dur\u0173 kiekvien\u0105 dien\u0105. I\u0161 Olandijos \u012f Lietuv\u0105.","og_url":"https:\/\/www.siuntos-i-anglija.lt\/lv\/parvaksanas-pakalpojumi-lietuva-niderlande\/","og_site_name":"Ve\u017eame keleivius, siuntas ir krovinius","article_publisher":"http:\/\/facebook.com\/veza.lt","article_modified_time":"2023-06-27T10:34:13+00:00","og_image":[{"width":600,"height":300,"url":"https:\/\/www.siuntos-i-anglija.lt\/wp-content\/uploads\/2023\/05\/mikroautobusas.png","type":"image\/png"}],"twitter_card":"summary_large_image","twitter_misc":{"Est. reading time":"1 min\u016bte"},"schema":{"@context":"https:\/\/schema.org","@graph":[{"@type":"WebPage","@id":"https:\/\/www.siuntos-i-anglija.lt\/perkraustymo-paslaugos-lietuva-olandija\/","url":"https:\/\/www.siuntos-i-anglija.lt\/perkraustymo-paslaugos-lietuva-olandija\/","name":"Kasdien ve\u017eame \u012f Olandij\u0105 (Nyderlandus) ir i\u0161 Olandijos krovinius, siuntas, perkraustymas","isPartOf":{"@id":"https:\/\/www.siuntos-i-anglija.lt\/#website"},"datePublished":"2023-06-09T11:23:12+00:00","dateModified":"2023-06-27T10:34:13+00:00","description":"Jau 21 metai Kasdien perkraustymas \u012f Olandij\u0105 (Nyderlandus) i\u0161 visos Lietuvos ve\u017eame krovinius ir siuntas mikroautobusais. Tel. 8-606-04341, +31208903989. Ve\u017eu \u012f Olandij\u0105 baldus, krovinius, siuntas nuo dur\u0173 iki dur\u0173 kiekvien\u0105 dien\u0105. I\u0161 Olandijos \u012f Lietuv\u0105.","breadcrumb":{"@id":"https:\/\/www.siuntos-i-anglija.lt\/perkraustymo-paslaugos-lietuva-olandija\/#breadcrumb"},"inLanguage":"lv-LV","potentialAction":[{"@type":"ReadAction","target":["https:\/\/www.siuntos-i-anglija.lt\/perkraustymo-paslaugos-lietuva-olandija\/"]}]},{"@type":"BreadcrumbList","@id":"https:\/\/www.siuntos-i-anglija.lt\/perkraustymo-paslaugos-lietuva-olandija\/#breadcrumb","itemListElement":[{"@type":"ListItem","position":1,"name":"Home","item":"https:\/\/www.siuntos-i-anglija.lt\/"},{"@type":"ListItem","position":2,"name":"Kasdien ve\u017eame \u012f Olandij\u0105 (Nyderlandus) ir i\u0161 Olandijos krovinius, siuntas, perkraustymas"}]},{"@type":"WebSite","@id":"https:\/\/www.siuntos-i-anglija.lt\/#website","url":"https:\/\/www.siuntos-i-anglija.lt\/","name":"Ve\u017eame keleivius, siuntas ir krovinius","description":"jau 20 met\u0173","publisher":{"@id":"https:\/\/www.siuntos-i-anglija.lt\/#organization"},"potentialAction":[{"@type":"SearchAction","target":{"@type":"EntryPoint","urlTemplate":"https:\/\/www.siuntos-i-anglija.lt\/?s={search_term_string}"},"query-input":"required name=search_term_string"}],"inLanguage":"lv-LV"},{"@type":"Organization","@id":"https:\/\/www.siuntos-i-anglija.lt\/#organization","name":"Ve\u017eame keleivius, siuntas ir krovinius","url":"https:\/\/www.siuntos-i-anglija.lt\/","logo":{"@type":"ImageObject","inLanguage":"lv-LV","@id":"https:\/\/www.siuntos-i-anglija.lt\/#\/schema\/logo\/image\/","url":"https:\/\/www.siuntos-i-anglija.lt\/wp-content\/uploads\/2023\/05\/mikroautobusas.png","contentUrl":"https:\/\/www.siuntos-i-anglija.lt\/wp-content\/uploads\/2023\/05\/mikroautobusas.png","width":600,"height":300,"caption":"Ve\u017eame keleivius, siuntas ir krovinius"},"image":{"@id":"https:\/\/www.siuntos-i-anglija.lt\/#\/schema\/logo\/image\/"},"sameAs":["http:\/\/facebook.com\/veza.lt"]}]}},"_links":{"self":[{"href":"https:\/\/www.siuntos-i-anglija.lt\/lv\/wp-json\/wp\/v2\/pages\/2002","targetHints":{"allow":["GET"]}}],"collection":[{"href":"https:\/\/www.siuntos-i-anglija.lt\/lv\/wp-json\/wp\/v2\/pages"}],"about":[{"href":"https:\/\/www.siuntos-i-anglija.lt\/lv\/wp-json\/wp\/v2\/types\/page"}],"author":[{"embeddable":true,"href":"https:\/\/www.siuntos-i-anglija.lt\/lv\/wp-json\/wp\/v2\/users\/1"}],"replies":[{"embeddable":true,"href":"https:\/\/www.siuntos-i-anglija.lt\/lv\/wp-json\/wp\/v2\/comments?post=2002"}],"version-history":[{"count":4,"href":"https:\/\/www.siuntos-i-anglija.lt\/lv\/wp-json\/wp\/v2\/pages\/2002\/revisions"}],"predecessor-version":[{"id":2168,"href":"https:\/\/www.siuntos-i-anglija.lt\/lv\/wp-json\/wp\/v2\/pages\/2002\/revisions\/2168"}],"wp:attachment":[{"href":"https:\/\/www.siuntos-i-anglija.lt\/lv\/wp-json\/wp\/v2\/media?parent=2002"}],"curies":[{"name":"wp","href":"https:\/\/api.w.org\/{rel}","templated":true}]}}