{"id":10,"date":"2023-05-05T10:50:00","date_gmt":"2023-05-05T07:50:00","guid":{"rendered":"http:\/\/185.80.129.116\/vezu-i-anglija.lt\/?page_id=10"},"modified":"2025-01-30T14:23:22","modified_gmt":"2025-01-30T12:23:22","slug":"apie-mus","status":"publish","type":"page","link":"https:\/\/www.siuntos-i-anglija.lt\/nl\/over-ons\/","title":{"rendered":"Over ons"},"content":{"rendered":"<figure class=\"wp-block-image size-full\"><img loading=\"lazy\" decoding=\"async\" width=\"600\" height=\"300\" src=\"https:\/\/www.siuntos-i-anglija.lt\/wp-content\/uploads\/2023\/05\/mikroautobusas.png\" alt=\"\" class=\"wp-image-1080\" srcset=\"https:\/\/www.siuntos-i-anglija.lt\/wp-content\/uploads\/2023\/05\/mikroautobusas.png 600w, https:\/\/www.siuntos-i-anglija.lt\/wp-content\/uploads\/2023\/05\/mikroautobusas-300x150.png 300w\" sizes=\"auto, (max-width: 600px) 100vw, 600px\" \/><\/figure>\n\n\n\n<p class=\"justify_text\">SIUNTOS-I-ANGLIJA.LT biedt u dagelijks snel en veilig vervoer per minibus en bus van Litouwen naar Europa en van Europa naar Litouwen.<\/p>\n\n\n\n<p class=\"justify_text\">Vervoer van passagiers, pakketten, vracht (motorfietsen, auto's, meubels, etc.) met minibussen en bussen vanuit heel Litouwen naar Engeland, Schotland, Ierland, Polen, Duitsland, Nederland, Belgi\u00eb, Frankrijk, Denemarken, Zweden, Noorwegen. Luxemburg, Spanje, Zwitserland, Oostenrijk, Tsjechi\u00eb.<\/p>\n\n\n\n<p class=\"justify_text\">Internationale verhuisservices.<\/p>\n\n\n\n<p class=\"justify_text\">U kunt een minibus en\/of bus bestellen (huren) om groepen mensen door heel Europa te vervoeren.<\/p>\n\n\n\n<p class=\"justify_text\">Comfortabele minibussen en bussen, ervaren chauffeurs.<\/p>\n\n\n\n<p class=\"justify_text\">We vertrekken elke dag van de week vanuit Litouwen en terug naar Litouwen: maandag, dinsdag, woensdag, donderdag, vrijdag, zaterdag, zondag.<\/p>\n\n\n\n<p class=\"justify_text\">Wij bieden de beste prijzen, kwaliteit, snelle, betrouwbare diensten.<\/p>\n\n\n\n<h2 class=\"wp-block-heading\" id=\"h-skambink-mums-kasdien-nuo-8-00-iki-22-00-val-bet-kuriuo-klausimu\"><strong>Bel ons dagelijks van 8.00 tot 22.00 uur voor al uw vragen<\/strong><\/h2>\n\n\n\n<ul class=\"wp-block-list\">\n<li><img decoding=\"async\" class=\"wp-image-238\" style=\"width: 28px;\" src=\"https:\/\/www.siuntos-i-anglija.lt\/wp-content\/uploads\/2023\/05\/lt.png\" alt=\"\"> <a href=\"tel: 37060604341\"><strong>Litouwen<\/strong> <nobr>+370 606 04341<\/nobr><\/a><\/li>\n\n\n\n<li><img decoding=\"async\" class=\"wp-image-178\" style=\"width: 28px;\" src=\"https:\/\/www.siuntos-i-anglija.lt\/wp-content\/uploads\/2023\/05\/gb.png\" alt=\"\"> <a data-type=\"tel\" data-id=\"tel:\" href=\"tel: 445601564237\"><strong>Engeland, Verenigd Koninkrijk)<\/strong> <nobr>+4456 0156 4237<\/nobr><\/a><\/li>\n\n\n\n<li><img decoding=\"async\" class=\"wp-image-207\" style=\"width: 28px;\" src=\"https:\/\/www.siuntos-i-anglija.lt\/wp-content\/uploads\/2023\/05\/ie.png\" alt=\"\"> <a data-type=\"tel\" data-id=\"tel:\" href=\"tel: 35315137154\"><strong>Ierland<\/strong> <nobr>+353 1513 7154<\/nobr><\/a><\/li>\n\n\n\n<li><img decoding=\"async\" class=\"wp-image-158\" style=\"width: 28px;\" src=\"https:\/\/www.siuntos-i-anglija.lt\/wp-content\/uploads\/2023\/05\/de.png\" alt=\"\"> <a data-type=\"tel\" data-id=\"tel:\" href=\"tel: 4915753403381\"><strong>Duitsland<\/strong> <nobr>+4915 7534 033 81<\/nobr><\/a><\/li>\n\n\n\n<li><img decoding=\"async\" class=\"wp-image-271\" style=\"width: 28px;\" src=\"https:\/\/www.siuntos-i-anglija.lt\/wp-content\/uploads\/2023\/05\/nl.png\" alt=\"\"> <a data-type=\"tel\" data-id=\"tel:\" href=\"tel: 31208903989\"><strong>Holland<\/strong> <nobr>+3120 8903 989<\/nobr><\/a><\/li>\n\n\n\n<li><img decoding=\"async\" class=\"wp-image-121\" style=\"width: 28px;\" src=\"https:\/\/www.siuntos-i-anglija.lt\/wp-content\/uploads\/2023\/05\/be.png\" alt=\"\"> <a data-type=\"tel\" data-id=\"tel:\" href=\"tel: 3228085604\"><strong>Belgi\u00eb<\/strong> <nobr>+322 8085 604<\/nobr><\/a><\/li>\n\n\n\n<li><img decoding=\"async\" class=\"wp-image-160\" style=\"width: 28px;\" src=\"https:\/\/www.siuntos-i-anglija.lt\/wp-content\/uploads\/2023\/05\/dk.png\" alt=\"\"> <a data-type=\"tel\" data-id=\"tel:\" href=\"tel: 4589880969\"><strong>Denemarken<\/strong> <nobr>+45 8988 0969<\/nobr><\/a><\/li>\n\n\n\n<li><img decoding=\"async\" class=\"wp-image-302\" style=\"width: 28px;\" src=\"https:\/\/www.siuntos-i-anglija.lt\/wp-content\/uploads\/2023\/05\/se.png\" alt=\"\"> <a data-type=\"tel\" data-id=\"tel:\" href=\"tel: 46852507010\"><strong>Zweden<\/strong> <nobr>+468 5250 7010<\/nobr><\/a><\/li>\n\n\n\n<li><img decoding=\"async\" class=\"wp-image-176\" style=\"width: 28px;\" src=\"https:\/\/www.siuntos-i-anglija.lt\/wp-content\/uploads\/2023\/05\/fr.png\" alt=\"\"> <a data-type=\"tel\" data-id=\"tel:\" href=\"tel: 33182885948\"><strong>Frankrijk<\/strong> <nobr>+33 1828 859 48<\/nobr><\/a><\/li>\n\n\n\n<li><a href=\"https:\/\/api.whatsapp.com\/send?phone=37060604300\"><img decoding=\"async\" class=\"wp-image-360\" style=\"width: 24px;\" src=\"https:\/\/www.siuntos-i-anglija.lt\/wp-content\/uploads\/whatsapp.png\" alt=\"\"> <strong>WhatsApp<\/strong><\/a><\/li>\n\n\n\n<li><a href=\"viber:\/\/add?number=37060604300\"><img decoding=\"async\" class=\"wp-image-359\" style=\"width: 24px;\" src=\"https:\/\/www.siuntos-i-anglija.lt\/wp-content\/uploads\/viber.png\" alt=\"\"> <strong>Viber<\/strong><\/a><\/li>\n\n\n\n<li><a href=\"https:\/\/www.facebook.com\/veza.lt\"><img decoding=\"async\" class=\"wp-image-360\" style=\"width: 24px;\" src=\"https:\/\/www.siuntos-i-anglija.lt\/wp-content\/uploads\/2023\/05\/facebook.png\" alt=\"\"> <strong>Facebook<\/strong><\/a><\/li>\n<\/ul>\n\n\n<p>[ccj id=&#8221;redial_form&#8221;]<\/p>","protected":false},"excerpt":{"rendered":"<p>SIUNTOS-I-ANGLIJA.LT si\u016blo jums greit\u0105 ir saugi\u0105 kelion\u0119 mikroautobusais ir autobusais i\u0161 Lietuvos \u012f Europ\u0105 ir atgal i\u0161 Europos kiekvien\u0105 dien\u0105. Ve\u017eame keleivius, siuntas ir krovinius (motociklus, automobilius, baldus ir kt. daiktus) \u012f Anglij\u0105, \u0160kotij\u0105, Airij\u0105, Lenkij\u0105, Vokietij\u0105, Liuksemburg\u0105, Olandij\u0105, Belgij\u0105,&#8230; <a class=\"more-link\" href=\"https:\/\/www.siuntos-i-anglija.lt\/nl\/over-ons\/\">Verder lezen &rarr;<\/a><\/p>","protected":false},"author":1,"featured_media":0,"parent":0,"menu_order":0,"comment_status":"closed","ping_status":"closed","template":"","meta":{"footnotes":""},"class_list":["post-10","page","type-page","status-publish","hentry"],"yoast_head":"<!-- This site is optimized with the Yoast SEO Premium plugin v20.7 (Yoast SEO v20.7) - https:\/\/yoast.com\/wordpress\/plugins\/seo\/ -->\n<title>Apie mus<\/title>\n<meta name=\"description\" content=\"Jau 21 metai Kasdien ve\u017eame \u012f Anglij\u0105 i\u0161 visos Lietuvos keleivius ir siuntinius mikroautobusais ir autobusais. Tel. 8-606-04341, +445601564237. Ve\u017eu \u012f Anglij\u0105 ir London\u0105 \u017emones, siuntas, baga\u017e\u0105 nuo dur\u0173 iki dur\u0173 kiekvien\u0105 dien\u0105. I\u0161 Anglijos \u012f Lietuv\u0105. Apie mus\" \/>\n<meta name=\"robots\" content=\"index, follow, max-snippet:-1, max-image-preview:large, max-video-preview:-1\" \/>\n<link rel=\"canonical\" href=\"https:\/\/www.siuntos-i-anglija.lt\/nl\/over-ons\/\" \/>\n<meta property=\"og:locale\" content=\"nl_NL\" \/>\n<meta property=\"og:type\" content=\"article\" \/>\n<meta property=\"og:title\" content=\"Apie mus\" \/>\n<meta property=\"og:description\" content=\"Jau 21 metai Kasdien ve\u017eame \u012f Anglij\u0105 i\u0161 visos Lietuvos keleivius ir siuntinius mikroautobusais ir autobusais. Tel. 8-606-04341, +445601564237. Ve\u017eu \u012f Anglij\u0105 ir London\u0105 \u017emones, siuntas, baga\u017e\u0105 nuo dur\u0173 iki dur\u0173 kiekvien\u0105 dien\u0105. I\u0161 Anglijos \u012f Lietuv\u0105. Apie mus\" \/>\n<meta property=\"og:url\" content=\"https:\/\/www.siuntos-i-anglija.lt\/nl\/over-ons\/\" \/>\n<meta property=\"og:site_name\" content=\"Ve\u017eame keleivius, siuntas ir krovinius\" \/>\n<meta property=\"article:publisher\" content=\"http:\/\/facebook.com\/veza.lt\" \/>\n<meta property=\"article:modified_time\" content=\"2025-01-30T12:23:22+00:00\" \/>\n<meta property=\"og:image\" content=\"https:\/\/www.siuntos-i-anglija.lt\/wp-content\/uploads\/2023\/05\/mikroautobusas.png\" \/>\n<meta name=\"twitter:card\" content=\"summary_large_image\" \/>\n<meta name=\"twitter:label1\" content=\"Geschatte leestijd\" \/>\n\t<meta name=\"twitter:data1\" content=\"4 minuten\" \/>\n<script type=\"application\/ld+json\" class=\"yoast-schema-graph\">{\"@context\":\"https:\/\/schema.org\",\"@graph\":[{\"@type\":\"Article\",\"@id\":\"https:\/\/www.siuntos-i-anglija.lt\/apie-mus\/#article\",\"isPartOf\":{\"@id\":\"https:\/\/www.siuntos-i-anglija.lt\/apie-mus\/\"},\"author\":{\"name\":\"admin\",\"@id\":\"https:\/\/www.siuntos-i-anglija.lt\/#\/schema\/person\/ac06fa58c26c22192b0a0d74c47f456b\"},\"headline\":\"Apie mus\",\"datePublished\":\"2023-05-05T07:50:00+00:00\",\"dateModified\":\"2025-01-30T12:23:22+00:00\",\"mainEntityOfPage\":{\"@id\":\"https:\/\/www.siuntos-i-anglija.lt\/apie-mus\/\"},\"wordCount\":132,\"publisher\":{\"@id\":\"https:\/\/www.siuntos-i-anglija.lt\/#organization\"},\"inLanguage\":\"nl-NL\"},{\"@type\":[\"WebPage\",\"AboutPage\"],\"@id\":\"https:\/\/www.siuntos-i-anglija.lt\/apie-mus\/\",\"url\":\"https:\/\/www.siuntos-i-anglija.lt\/apie-mus\/\",\"name\":\"Apie mus\",\"isPartOf\":{\"@id\":\"https:\/\/www.siuntos-i-anglija.lt\/#website\"},\"datePublished\":\"2023-05-05T07:50:00+00:00\",\"dateModified\":\"2025-01-30T12:23:22+00:00\",\"description\":\"Jau 21 metai Kasdien ve\u017eame \u012f Anglij\u0105 i\u0161 visos Lietuvos keleivius ir siuntinius mikroautobusais ir autobusais. Tel. 8-606-04341, +445601564237. Ve\u017eu \u012f Anglij\u0105 ir London\u0105 \u017emones, siuntas, baga\u017e\u0105 nuo dur\u0173 iki dur\u0173 kiekvien\u0105 dien\u0105. I\u0161 Anglijos \u012f Lietuv\u0105. Apie mus\",\"breadcrumb\":{\"@id\":\"https:\/\/www.siuntos-i-anglija.lt\/apie-mus\/#breadcrumb\"},\"inLanguage\":\"nl-NL\",\"potentialAction\":[{\"@type\":\"ReadAction\",\"target\":[\"https:\/\/www.siuntos-i-anglija.lt\/apie-mus\/\"]}]},{\"@type\":\"BreadcrumbList\",\"@id\":\"https:\/\/www.siuntos-i-anglija.lt\/apie-mus\/#breadcrumb\",\"itemListElement\":[{\"@type\":\"ListItem\",\"position\":1,\"name\":\"Home\",\"item\":\"https:\/\/www.siuntos-i-anglija.lt\/\"},{\"@type\":\"ListItem\",\"position\":2,\"name\":\"Apie mus\"}]},{\"@type\":\"WebSite\",\"@id\":\"https:\/\/www.siuntos-i-anglija.lt\/#website\",\"url\":\"https:\/\/www.siuntos-i-anglija.lt\/\",\"name\":\"Ve\u017eame keleivius, siuntas ir krovinius\",\"description\":\"jau 20 met\u0173\",\"publisher\":{\"@id\":\"https:\/\/www.siuntos-i-anglija.lt\/#organization\"},\"potentialAction\":[{\"@type\":\"SearchAction\",\"target\":{\"@type\":\"EntryPoint\",\"urlTemplate\":\"https:\/\/www.siuntos-i-anglija.lt\/?s={search_term_string}\"},\"query-input\":\"required name=search_term_string\"}],\"inLanguage\":\"nl-NL\"},{\"@type\":\"Organization\",\"@id\":\"https:\/\/www.siuntos-i-anglija.lt\/#organization\",\"name\":\"Ve\u017eame keleivius, siuntas ir krovinius\",\"url\":\"https:\/\/www.siuntos-i-anglija.lt\/\",\"logo\":{\"@type\":\"ImageObject\",\"inLanguage\":\"nl-NL\",\"@id\":\"https:\/\/www.siuntos-i-anglija.lt\/#\/schema\/logo\/image\/\",\"url\":\"https:\/\/www.siuntos-i-anglija.lt\/wp-content\/uploads\/2023\/05\/mikroautobusas.png\",\"contentUrl\":\"https:\/\/www.siuntos-i-anglija.lt\/wp-content\/uploads\/2023\/05\/mikroautobusas.png\",\"width\":600,\"height\":300,\"caption\":\"Ve\u017eame keleivius, siuntas ir krovinius\"},\"image\":{\"@id\":\"https:\/\/www.siuntos-i-anglija.lt\/#\/schema\/logo\/image\/\"},\"sameAs\":[\"http:\/\/facebook.com\/veza.lt\"]},{\"@type\":\"Person\",\"@id\":\"https:\/\/www.siuntos-i-anglija.lt\/#\/schema\/person\/ac06fa58c26c22192b0a0d74c47f456b\",\"name\":\"admin\",\"image\":{\"@type\":\"ImageObject\",\"inLanguage\":\"nl-NL\",\"@id\":\"https:\/\/www.siuntos-i-anglija.lt\/#\/schema\/person\/image\/\",\"url\":\"https:\/\/secure.gravatar.com\/avatar\/8031bcd867dff3260131a45d000f628b6176299e6fc83555a525bfd6757d6367?s=96&d=mm&r=g\",\"contentUrl\":\"https:\/\/secure.gravatar.com\/avatar\/8031bcd867dff3260131a45d000f628b6176299e6fc83555a525bfd6757d6367?s=96&d=mm&r=g\",\"caption\":\"admin\"},\"sameAs\":[\"http:\/\/185.80.129.116\/vezu-i-anglija.lt\"],\"url\":\"https:\/\/www.siuntos-i-anglija.lt\/nl\/author\/admin\/\"}]}<\/script>\n<!-- \/ Yoast SEO Premium plugin. -->","yoast_head_json":{"title":"Apie mus","description":"Jau 21 metai Kasdien ve\u017eame \u012f Anglij\u0105 i\u0161 visos Lietuvos keleivius ir siuntinius mikroautobusais ir autobusais. Tel. 8-606-04341, +445601564237. Ve\u017eu \u012f Anglij\u0105 ir London\u0105 \u017emones, siuntas, baga\u017e\u0105 nuo dur\u0173 iki dur\u0173 kiekvien\u0105 dien\u0105. I\u0161 Anglijos \u012f Lietuv\u0105. Apie mus","robots":{"index":"index","follow":"follow","max-snippet":"max-snippet:-1","max-image-preview":"max-image-preview:large","max-video-preview":"max-video-preview:-1"},"canonical":"https:\/\/www.siuntos-i-anglija.lt\/nl\/over-ons\/","og_locale":"nl_NL","og_type":"article","og_title":"Apie mus","og_description":"Jau 21 metai Kasdien ve\u017eame \u012f Anglij\u0105 i\u0161 visos Lietuvos keleivius ir siuntinius mikroautobusais ir autobusais. Tel. 8-606-04341, +445601564237. Ve\u017eu \u012f Anglij\u0105 ir London\u0105 \u017emones, siuntas, baga\u017e\u0105 nuo dur\u0173 iki dur\u0173 kiekvien\u0105 dien\u0105. I\u0161 Anglijos \u012f Lietuv\u0105. Apie mus","og_url":"https:\/\/www.siuntos-i-anglija.lt\/nl\/over-ons\/","og_site_name":"Ve\u017eame keleivius, siuntas ir krovinius","article_publisher":"http:\/\/facebook.com\/veza.lt","article_modified_time":"2025-01-30T12:23:22+00:00","og_image":[{"url":"https:\/\/www.siuntos-i-anglija.lt\/wp-content\/uploads\/2023\/05\/mikroautobusas.png"}],"twitter_card":"summary_large_image","twitter_misc":{"Geschatte leestijd":"4 minuten"},"schema":{"@context":"https:\/\/schema.org","@graph":[{"@type":"Article","@id":"https:\/\/www.siuntos-i-anglija.lt\/apie-mus\/#article","isPartOf":{"@id":"https:\/\/www.siuntos-i-anglija.lt\/apie-mus\/"},"author":{"name":"admin","@id":"https:\/\/www.siuntos-i-anglija.lt\/#\/schema\/person\/ac06fa58c26c22192b0a0d74c47f456b"},"headline":"Apie mus","datePublished":"2023-05-05T07:50:00+00:00","dateModified":"2025-01-30T12:23:22+00:00","mainEntityOfPage":{"@id":"https:\/\/www.siuntos-i-anglija.lt\/apie-mus\/"},"wordCount":132,"publisher":{"@id":"https:\/\/www.siuntos-i-anglija.lt\/#organization"},"inLanguage":"nl-NL"},{"@type":["WebPage","AboutPage"],"@id":"https:\/\/www.siuntos-i-anglija.lt\/apie-mus\/","url":"https:\/\/www.siuntos-i-anglija.lt\/apie-mus\/","name":"Apie mus","isPartOf":{"@id":"https:\/\/www.siuntos-i-anglija.lt\/#website"},"datePublished":"2023-05-05T07:50:00+00:00","dateModified":"2025-01-30T12:23:22+00:00","description":"Jau 21 metai Kasdien ve\u017eame \u012f Anglij\u0105 i\u0161 visos Lietuvos keleivius ir siuntinius mikroautobusais ir autobusais. Tel. 8-606-04341, +445601564237. Ve\u017eu \u012f Anglij\u0105 ir London\u0105 \u017emones, siuntas, baga\u017e\u0105 nuo dur\u0173 iki dur\u0173 kiekvien\u0105 dien\u0105. I\u0161 Anglijos \u012f Lietuv\u0105. Apie mus","breadcrumb":{"@id":"https:\/\/www.siuntos-i-anglija.lt\/apie-mus\/#breadcrumb"},"inLanguage":"nl-NL","potentialAction":[{"@type":"ReadAction","target":["https:\/\/www.siuntos-i-anglija.lt\/apie-mus\/"]}]},{"@type":"BreadcrumbList","@id":"https:\/\/www.siuntos-i-anglija.lt\/apie-mus\/#breadcrumb","itemListElement":[{"@type":"ListItem","position":1,"name":"Home","item":"https:\/\/www.siuntos-i-anglija.lt\/"},{"@type":"ListItem","position":2,"name":"Apie mus"}]},{"@type":"WebSite","@id":"https:\/\/www.siuntos-i-anglija.lt\/#website","url":"https:\/\/www.siuntos-i-anglija.lt\/","name":"Ve\u017eame keleivius, siuntas ir krovinius","description":"jau 20 met\u0173","publisher":{"@id":"https:\/\/www.siuntos-i-anglija.lt\/#organization"},"potentialAction":[{"@type":"SearchAction","target":{"@type":"EntryPoint","urlTemplate":"https:\/\/www.siuntos-i-anglija.lt\/?s={search_term_string}"},"query-input":"required name=search_term_string"}],"inLanguage":"nl-NL"},{"@type":"Organization","@id":"https:\/\/www.siuntos-i-anglija.lt\/#organization","name":"Ve\u017eame keleivius, siuntas ir krovinius","url":"https:\/\/www.siuntos-i-anglija.lt\/","logo":{"@type":"ImageObject","inLanguage":"nl-NL","@id":"https:\/\/www.siuntos-i-anglija.lt\/#\/schema\/logo\/image\/","url":"https:\/\/www.siuntos-i-anglija.lt\/wp-content\/uploads\/2023\/05\/mikroautobusas.png","contentUrl":"https:\/\/www.siuntos-i-anglija.lt\/wp-content\/uploads\/2023\/05\/mikroautobusas.png","width":600,"height":300,"caption":"Ve\u017eame keleivius, siuntas ir krovinius"},"image":{"@id":"https:\/\/www.siuntos-i-anglija.lt\/#\/schema\/logo\/image\/"},"sameAs":["http:\/\/facebook.com\/veza.lt"]},{"@type":"Person","@id":"https:\/\/www.siuntos-i-anglija.lt\/#\/schema\/person\/ac06fa58c26c22192b0a0d74c47f456b","name":"admin","image":{"@type":"ImageObject","inLanguage":"nl-NL","@id":"https:\/\/www.siuntos-i-anglija.lt\/#\/schema\/person\/image\/","url":"https:\/\/secure.gravatar.com\/avatar\/8031bcd867dff3260131a45d000f628b6176299e6fc83555a525bfd6757d6367?s=96&d=mm&r=g","contentUrl":"https:\/\/secure.gravatar.com\/avatar\/8031bcd867dff3260131a45d000f628b6176299e6fc83555a525bfd6757d6367?s=96&d=mm&r=g","caption":"admin"},"sameAs":["http:\/\/185.80.129.116\/vezu-i-anglija.lt"],"url":"https:\/\/www.siuntos-i-anglija.lt\/nl\/author\/admin\/"}]}},"_links":{"self":[{"href":"https:\/\/www.siuntos-i-anglija.lt\/nl\/wp-json\/wp\/v2\/pages\/10","targetHints":{"allow":["GET"]}}],"collection":[{"href":"https:\/\/www.siuntos-i-anglija.lt\/nl\/wp-json\/wp\/v2\/pages"}],"about":[{"href":"https:\/\/www.siuntos-i-anglija.lt\/nl\/wp-json\/wp\/v2\/types\/page"}],"author":[{"embeddable":true,"href":"https:\/\/www.siuntos-i-anglija.lt\/nl\/wp-json\/wp\/v2\/users\/1"}],"replies":[{"embeddable":true,"href":"https:\/\/www.siuntos-i-anglija.lt\/nl\/wp-json\/wp\/v2\/comments?post=10"}],"version-history":[{"count":9,"href":"https:\/\/www.siuntos-i-anglija.lt\/nl\/wp-json\/wp\/v2\/pages\/10\/revisions"}],"predecessor-version":[{"id":2336,"href":"https:\/\/www.siuntos-i-anglija.lt\/nl\/wp-json\/wp\/v2\/pages\/10\/revisions\/2336"}],"wp:attachment":[{"href":"https:\/\/www.siuntos-i-anglija.lt\/nl\/wp-json\/wp\/v2\/media?parent=10"}],"curies":[{"name":"wp","href":"https:\/\/api.w.org\/{rel}","templated":true}]}}