{"id":1739,"date":"2023-06-08T11:23:27","date_gmt":"2023-06-08T08:23:27","guid":{"rendered":"https:\/\/www.siuntos-i-anglija.lt\/?page_id=1739"},"modified":"2023-06-27T09:26:40","modified_gmt":"2023-06-27T06:26:40","slug":"automobiliu-pervezimas-is-prancuzijos","status":"publish","type":"page","link":"https:\/\/www.siuntos-i-anglija.lt\/uk\/avtoperevezennja-z-franciji\/","title":{"rendered":"\u0429\u043e\u0434\u043d\u044f \u043c\u0438 \u0432\u043e\u0437\u0438\u043c\u043e \u0430\u0432\u0442\u043e\u043c\u043e\u0431\u0456\u043b\u0456, \u0432\u0430\u043d\u0442\u0430\u0436\u0456, \u043f\u043e\u0441\u0438\u043b\u043a\u0438 \u0434\u043e \u0424\u0440\u0430\u043d\u0446\u0456\u0457 \u0437 \u041b\u0438\u0442\u0432\u0438"},"content":{"rendered":"<p>[ccj id=&#8221;notification&#8221;  alfa=&#8221;fr&#8221;]<\/p>\n\n\n<p>[ccj id=&#8221;contacts&#8221;  from=&#8221;lt&#8221; to=&#8221;fr&#8221;]<\/p>\n\n\n<p>[ccj id=&#8221;content_auto&#8221; alfa=&#8221;fr&#8221;]<\/p>\n\n\n<p>[ccj id=&#8221;auto&#8221;  from=&#8221;lt&#8221; to=&#8221;fr&#8221;]<\/p>\n\n\n<p>[ccj id=&#8221;moto&#8221;  from=&#8221;lt&#8221; to=&#8221;fr&#8221;]<\/p>\n\n\n<p>[ccj id=&#8221;cargo&#8221;  from=&#8221;lt&#8221; to=&#8221;fr&#8221;]<\/p>\n\n\n<p>[ccj id=&#8221;moving&#8221; from=&#8221;lt&#8221; to=&#8221;fr&#8221;]<\/p>\n\n\n<p>[ccj id=&#8221;shipment&#8221;  from=&#8221;lt&#8221; to=&#8221;fr&#8221;]<\/p>\n\n\n<p>[ccj id=&#8221;passenger&#8221;  from=&#8221;lt&#8221; to=&#8221;fr&#8221;]<\/p>\n\n\n<p>[ccj id=&#8221;animal&#8221;  from=&#8221;lt&#8221; to=&#8221;fr&#8221;]<\/p>\n\n\n<p>[ccj id=&#8221;nearest_trips&#8221; alfa=&#8221;fr&#8221;]<\/p>\n\n\n<p>[ccj id=&#8221;contacts2&#8243;  from=&#8221;lt&#8221; to=&#8221;fr&#8221;]<\/p>\n\n\n<p>[ccj id=&#8221;redial_form&#8221;]<\/p>","protected":false},"excerpt":{"rendered":"","protected":false},"author":1,"featured_media":0,"parent":0,"menu_order":0,"comment_status":"closed","ping_status":"closed","template":"","meta":{"footnotes":""},"class_list":["post-1739","page","type-page","status-publish","hentry"],"yoast_head":"<!-- This site is optimized with the Yoast SEO Premium plugin v20.7 (Yoast SEO v20.7) - https:\/\/yoast.com\/wordpress\/plugins\/seo\/ -->\n<title>Kasdien ve\u017eame \u012f Pranc\u016bzij\u0105 ir i\u0161 Pranc\u016bzijos automobilius, krovinius ir siuntas<\/title>\n<meta name=\"description\" content=\"Jau 21 metai Kasdien ve\u017eame \u012f Pranc\u016bzij\u0105 i\u0161 visos Lietuvos automobilius traliukais. Tel. 8-606-04341, +33182885948. Ve\u017eu \u012f Pranc\u016bzij\u0105 ma\u0161inas nuo dur\u0173 iki dur\u0173 kiekvien\u0105 dien\u0105. I\u0161 Pranc\u016bzijos \u012f Lietuv\u0105.\" \/>\n<meta name=\"robots\" content=\"index, follow, max-snippet:-1, max-image-preview:large, max-video-preview:-1\" \/>\n<link rel=\"canonical\" href=\"https:\/\/www.siuntos-i-anglija.lt\/uk\/avtoperevezennja-z-franciji\/\" \/>\n<meta property=\"og:locale\" content=\"uk_UA\" \/>\n<meta property=\"og:type\" content=\"article\" \/>\n<meta property=\"og:title\" content=\"Kasdien ve\u017eame \u012f Pranc\u016bzij\u0105 ir i\u0161 Pranc\u016bzijos automobilius, krovinius ir siuntas\" \/>\n<meta property=\"og:description\" content=\"Jau 21 metai Kasdien ve\u017eame \u012f Pranc\u016bzij\u0105 i\u0161 visos Lietuvos automobilius traliukais. Tel. 8-606-04341, +33182885948. Ve\u017eu \u012f Pranc\u016bzij\u0105 ma\u0161inas nuo dur\u0173 iki dur\u0173 kiekvien\u0105 dien\u0105. I\u0161 Pranc\u016bzijos \u012f Lietuv\u0105.\" \/>\n<meta property=\"og:url\" content=\"https:\/\/www.siuntos-i-anglija.lt\/uk\/avtoperevezennja-z-franciji\/\" \/>\n<meta property=\"og:site_name\" content=\"Ve\u017eame keleivius, siuntas ir krovinius\" \/>\n<meta property=\"article:publisher\" content=\"http:\/\/facebook.com\/veza.lt\" \/>\n<meta property=\"article:modified_time\" content=\"2023-06-27T06:26:40+00:00\" \/>\n<meta property=\"og:image\" content=\"https:\/\/www.siuntos-i-anglija.lt\/wp-content\/uploads\/2023\/05\/mikroautobusas.png\" \/>\n\t<meta property=\"og:image:width\" content=\"600\" \/>\n\t<meta property=\"og:image:height\" content=\"300\" \/>\n\t<meta property=\"og:image:type\" content=\"image\/png\" \/>\n<meta name=\"twitter:card\" content=\"summary_large_image\" \/>\n<meta name=\"twitter:label1\" content=\"\u041f\u0440\u0438\u0431\u043b. \u0447\u0430\u0441 \u0447\u0438\u0442\u0430\u043d\u043d\u044f\" \/>\n\t<meta name=\"twitter:data1\" content=\"1 \u0445\u0432\u0438\u043b\u0438\u043d\u0430\" \/>\n<script type=\"application\/ld+json\" class=\"yoast-schema-graph\">{\"@context\":\"https:\/\/schema.org\",\"@graph\":[{\"@type\":\"WebPage\",\"@id\":\"https:\/\/www.siuntos-i-anglija.lt\/automobiliu-pervezimas-is-prancuzijos\/\",\"url\":\"https:\/\/www.siuntos-i-anglija.lt\/automobiliu-pervezimas-is-prancuzijos\/\",\"name\":\"Kasdien ve\u017eame \u012f Pranc\u016bzij\u0105 ir i\u0161 Pranc\u016bzijos automobilius, krovinius ir siuntas\",\"isPartOf\":{\"@id\":\"https:\/\/www.siuntos-i-anglija.lt\/#website\"},\"datePublished\":\"2023-06-08T08:23:27+00:00\",\"dateModified\":\"2023-06-27T06:26:40+00:00\",\"description\":\"Jau 21 metai Kasdien ve\u017eame \u012f Pranc\u016bzij\u0105 i\u0161 visos Lietuvos automobilius traliukais. Tel. 8-606-04341, +33182885948. Ve\u017eu \u012f Pranc\u016bzij\u0105 ma\u0161inas nuo dur\u0173 iki dur\u0173 kiekvien\u0105 dien\u0105. I\u0161 Pranc\u016bzijos \u012f Lietuv\u0105.\",\"breadcrumb\":{\"@id\":\"https:\/\/www.siuntos-i-anglija.lt\/automobiliu-pervezimas-is-prancuzijos\/#breadcrumb\"},\"inLanguage\":\"uk\",\"potentialAction\":[{\"@type\":\"ReadAction\",\"target\":[\"https:\/\/www.siuntos-i-anglija.lt\/automobiliu-pervezimas-is-prancuzijos\/\"]}]},{\"@type\":\"BreadcrumbList\",\"@id\":\"https:\/\/www.siuntos-i-anglija.lt\/automobiliu-pervezimas-is-prancuzijos\/#breadcrumb\",\"itemListElement\":[{\"@type\":\"ListItem\",\"position\":1,\"name\":\"Home\",\"item\":\"https:\/\/www.siuntos-i-anglija.lt\/\"},{\"@type\":\"ListItem\",\"position\":2,\"name\":\"Kasdien ve\u017eame \u012f Pranc\u016bzij\u0105 ir i\u0161 Pranc\u016bzijos automobilius, krovinius ir siuntas\"}]},{\"@type\":\"WebSite\",\"@id\":\"https:\/\/www.siuntos-i-anglija.lt\/#website\",\"url\":\"https:\/\/www.siuntos-i-anglija.lt\/\",\"name\":\"Ve\u017eame keleivius, siuntas ir krovinius\",\"description\":\"jau 20 met\u0173\",\"publisher\":{\"@id\":\"https:\/\/www.siuntos-i-anglija.lt\/#organization\"},\"potentialAction\":[{\"@type\":\"SearchAction\",\"target\":{\"@type\":\"EntryPoint\",\"urlTemplate\":\"https:\/\/www.siuntos-i-anglija.lt\/?s={search_term_string}\"},\"query-input\":\"required name=search_term_string\"}],\"inLanguage\":\"uk\"},{\"@type\":\"Organization\",\"@id\":\"https:\/\/www.siuntos-i-anglija.lt\/#organization\",\"name\":\"Ve\u017eame keleivius, siuntas ir krovinius\",\"url\":\"https:\/\/www.siuntos-i-anglija.lt\/\",\"logo\":{\"@type\":\"ImageObject\",\"inLanguage\":\"uk\",\"@id\":\"https:\/\/www.siuntos-i-anglija.lt\/#\/schema\/logo\/image\/\",\"url\":\"https:\/\/www.siuntos-i-anglija.lt\/wp-content\/uploads\/2023\/05\/mikroautobusas.png\",\"contentUrl\":\"https:\/\/www.siuntos-i-anglija.lt\/wp-content\/uploads\/2023\/05\/mikroautobusas.png\",\"width\":600,\"height\":300,\"caption\":\"Ve\u017eame keleivius, siuntas ir krovinius\"},\"image\":{\"@id\":\"https:\/\/www.siuntos-i-anglija.lt\/#\/schema\/logo\/image\/\"},\"sameAs\":[\"http:\/\/facebook.com\/veza.lt\"]}]}<\/script>\n<!-- \/ Yoast SEO Premium plugin. -->","yoast_head_json":{"title":"Kasdien ve\u017eame \u012f Pranc\u016bzij\u0105 ir i\u0161 Pranc\u016bzijos automobilius, krovinius ir siuntas","description":"Jau 21 metai Kasdien ve\u017eame \u012f Pranc\u016bzij\u0105 i\u0161 visos Lietuvos automobilius traliukais. Tel. 8-606-04341, +33182885948. Ve\u017eu \u012f Pranc\u016bzij\u0105 ma\u0161inas nuo dur\u0173 iki dur\u0173 kiekvien\u0105 dien\u0105. I\u0161 Pranc\u016bzijos \u012f Lietuv\u0105.","robots":{"index":"index","follow":"follow","max-snippet":"max-snippet:-1","max-image-preview":"max-image-preview:large","max-video-preview":"max-video-preview:-1"},"canonical":"https:\/\/www.siuntos-i-anglija.lt\/uk\/avtoperevezennja-z-franciji\/","og_locale":"uk_UA","og_type":"article","og_title":"Kasdien ve\u017eame \u012f Pranc\u016bzij\u0105 ir i\u0161 Pranc\u016bzijos automobilius, krovinius ir siuntas","og_description":"Jau 21 metai Kasdien ve\u017eame \u012f Pranc\u016bzij\u0105 i\u0161 visos Lietuvos automobilius traliukais. Tel. 8-606-04341, +33182885948. Ve\u017eu \u012f Pranc\u016bzij\u0105 ma\u0161inas nuo dur\u0173 iki dur\u0173 kiekvien\u0105 dien\u0105. I\u0161 Pranc\u016bzijos \u012f Lietuv\u0105.","og_url":"https:\/\/www.siuntos-i-anglija.lt\/uk\/avtoperevezennja-z-franciji\/","og_site_name":"Ve\u017eame keleivius, siuntas ir krovinius","article_publisher":"http:\/\/facebook.com\/veza.lt","article_modified_time":"2023-06-27T06:26:40+00:00","og_image":[{"width":600,"height":300,"url":"https:\/\/www.siuntos-i-anglija.lt\/wp-content\/uploads\/2023\/05\/mikroautobusas.png","type":"image\/png"}],"twitter_card":"summary_large_image","twitter_misc":{"\u041f\u0440\u0438\u0431\u043b. \u0447\u0430\u0441 \u0447\u0438\u0442\u0430\u043d\u043d\u044f":"1 \u0445\u0432\u0438\u043b\u0438\u043d\u0430"},"schema":{"@context":"https:\/\/schema.org","@graph":[{"@type":"WebPage","@id":"https:\/\/www.siuntos-i-anglija.lt\/automobiliu-pervezimas-is-prancuzijos\/","url":"https:\/\/www.siuntos-i-anglija.lt\/automobiliu-pervezimas-is-prancuzijos\/","name":"Kasdien ve\u017eame \u012f Pranc\u016bzij\u0105 ir i\u0161 Pranc\u016bzijos automobilius, krovinius ir siuntas","isPartOf":{"@id":"https:\/\/www.siuntos-i-anglija.lt\/#website"},"datePublished":"2023-06-08T08:23:27+00:00","dateModified":"2023-06-27T06:26:40+00:00","description":"Jau 21 metai Kasdien ve\u017eame \u012f Pranc\u016bzij\u0105 i\u0161 visos Lietuvos automobilius traliukais. Tel. 8-606-04341, +33182885948. Ve\u017eu \u012f Pranc\u016bzij\u0105 ma\u0161inas nuo dur\u0173 iki dur\u0173 kiekvien\u0105 dien\u0105. I\u0161 Pranc\u016bzijos \u012f Lietuv\u0105.","breadcrumb":{"@id":"https:\/\/www.siuntos-i-anglija.lt\/automobiliu-pervezimas-is-prancuzijos\/#breadcrumb"},"inLanguage":"uk","potentialAction":[{"@type":"ReadAction","target":["https:\/\/www.siuntos-i-anglija.lt\/automobiliu-pervezimas-is-prancuzijos\/"]}]},{"@type":"BreadcrumbList","@id":"https:\/\/www.siuntos-i-anglija.lt\/automobiliu-pervezimas-is-prancuzijos\/#breadcrumb","itemListElement":[{"@type":"ListItem","position":1,"name":"Home","item":"https:\/\/www.siuntos-i-anglija.lt\/"},{"@type":"ListItem","position":2,"name":"Kasdien ve\u017eame \u012f Pranc\u016bzij\u0105 ir i\u0161 Pranc\u016bzijos automobilius, krovinius ir siuntas"}]},{"@type":"WebSite","@id":"https:\/\/www.siuntos-i-anglija.lt\/#website","url":"https:\/\/www.siuntos-i-anglija.lt\/","name":"Ve\u017eame keleivius, siuntas ir krovinius","description":"jau 20 met\u0173","publisher":{"@id":"https:\/\/www.siuntos-i-anglija.lt\/#organization"},"potentialAction":[{"@type":"SearchAction","target":{"@type":"EntryPoint","urlTemplate":"https:\/\/www.siuntos-i-anglija.lt\/?s={search_term_string}"},"query-input":"required name=search_term_string"}],"inLanguage":"uk"},{"@type":"Organization","@id":"https:\/\/www.siuntos-i-anglija.lt\/#organization","name":"Ve\u017eame keleivius, siuntas ir krovinius","url":"https:\/\/www.siuntos-i-anglija.lt\/","logo":{"@type":"ImageObject","inLanguage":"uk","@id":"https:\/\/www.siuntos-i-anglija.lt\/#\/schema\/logo\/image\/","url":"https:\/\/www.siuntos-i-anglija.lt\/wp-content\/uploads\/2023\/05\/mikroautobusas.png","contentUrl":"https:\/\/www.siuntos-i-anglija.lt\/wp-content\/uploads\/2023\/05\/mikroautobusas.png","width":600,"height":300,"caption":"Ve\u017eame keleivius, siuntas ir krovinius"},"image":{"@id":"https:\/\/www.siuntos-i-anglija.lt\/#\/schema\/logo\/image\/"},"sameAs":["http:\/\/facebook.com\/veza.lt"]}]}},"_links":{"self":[{"href":"https:\/\/www.siuntos-i-anglija.lt\/uk\/wp-json\/wp\/v2\/pages\/1739","targetHints":{"allow":["GET"]}}],"collection":[{"href":"https:\/\/www.siuntos-i-anglija.lt\/uk\/wp-json\/wp\/v2\/pages"}],"about":[{"href":"https:\/\/www.siuntos-i-anglija.lt\/uk\/wp-json\/wp\/v2\/types\/page"}],"author":[{"embeddable":true,"href":"https:\/\/www.siuntos-i-anglija.lt\/uk\/wp-json\/wp\/v2\/users\/1"}],"replies":[{"embeddable":true,"href":"https:\/\/www.siuntos-i-anglija.lt\/uk\/wp-json\/wp\/v2\/comments?post=1739"}],"version-history":[{"count":1,"href":"https:\/\/www.siuntos-i-anglija.lt\/uk\/wp-json\/wp\/v2\/pages\/1739\/revisions"}],"predecessor-version":[{"id":2083,"href":"https:\/\/www.siuntos-i-anglija.lt\/uk\/wp-json\/wp\/v2\/pages\/1739\/revisions\/2083"}],"wp:attachment":[{"href":"https:\/\/www.siuntos-i-anglija.lt\/uk\/wp-json\/wp\/v2\/media?parent=1739"}],"curies":[{"name":"wp","href":"https:\/\/api.w.org\/{rel}","templated":true}]}}